{"id":1635,"date":"2025-03-27T23:03:19","date_gmt":"2025-03-27T22:03:19","guid":{"rendered":"https:\/\/latrencadora.com\/tiendas\/"},"modified":"2026-04-08T07:00:47","modified_gmt":"2026-04-08T06:00:47","slug":"tiendas","status":"publish","type":"page","link":"https:\/\/latrencadora.com\/es\/tiendas\/","title":{"rendered":"Tiendas"},"content":{"rendered":"\t\t<div data-elementor-type=\"wp-page\" data-elementor-id=\"1635\" class=\"elementor elementor-1635 elementor-178\" data-elementor-post-type=\"page\">\n\t\t\t\t<div class=\"elementor-element elementor-element-6d2e2f1 e-flex e-con-boxed e-con e-parent\" data-id=\"6d2e2f1\" data-element_type=\"container\" data-e-type=\"container\" data-settings=\"{&quot;background_background&quot;:&quot;classic&quot;}\">\n\t\t\t\t\t<div class=\"e-con-inner\">\n\t\t<div class=\"elementor-element elementor-element-564168b e-con-full e-flex e-con e-child\" data-id=\"564168b\" data-element_type=\"container\" data-e-type=\"container\" data-settings=\"{&quot;background_background&quot;:&quot;classic&quot;}\">\n\t\t\t\t<div class=\"elementor-element elementor-element-b5e5b71 elementor-widget elementor-widget-heading\" data-id=\"b5e5b71\" data-element_type=\"widget\" data-e-type=\"widget\" data-widget_type=\"heading.default\">\n\t\t\t\t<div class=\"elementor-widget-container\">\n\t\t\t\t\t<h2 class=\"elementor-heading-title elementor-size-default\">VEN A PROBAR NUESTROS PRODUCTOS<\/h2>\t\t\t\t<\/div>\n\t\t\t\t<\/div>\n\t\t\t\t<div class=\"elementor-element elementor-element-e305100 elementor-widget elementor-widget-heading\" data-id=\"e305100\" data-element_type=\"widget\" data-e-type=\"widget\" data-widget_type=\"heading.default\">\n\t\t\t\t<div class=\"elementor-widget-container\">\n\t\t\t\t\t<h3 class=\"elementor-heading-title elementor-size-default\">EN LA AGROTIENDA<\/h3>\t\t\t\t<\/div>\n\t\t\t\t<\/div>\n\t\t\t\t<div class=\"elementor-element elementor-element-41f3282 elementor-widget elementor-widget-text-editor\" data-id=\"41f3282\" data-element_type=\"widget\" data-e-type=\"widget\" data-widget_type=\"text-editor.default\">\n\t\t\t\t<div class=\"elementor-widget-container\">\n\t\t\t\t\t\t\t\t\t<p>Ven a nuestro establecimiento para disfrutar de los productos de &#8216;La Trencadora&#8217; de primera mano.<\/p>\t\t\t\t\t\t\t\t<\/div>\n\t\t\t\t<\/div>\n\t\t\t\t<\/div>\n\t\t<div class=\"elementor-element elementor-element-1219876 e-con-full e-flex e-con e-child\" data-id=\"1219876\" data-element_type=\"container\" data-e-type=\"container\">\n\t\t\t\t<div class=\"elementor-element elementor-element-92de538 elementor-align-center elementor-widget elementor-widget-button\" data-id=\"92de538\" data-element_type=\"widget\" data-e-type=\"widget\" data-widget_type=\"button.default\">\n\t\t\t\t<div class=\"elementor-widget-container\">\n\t\t\t\t\t\t\t\t\t<div class=\"elementor-button-wrapper\">\n\t\t\t\t\t<a class=\"elementor-button elementor-button-link elementor-size-sm\" href=\"http:\/\/maps.app.goo.gl\/iu8apQZ8Tw6oYeUF9\" target=\"_blank\" rel=\"noopener\">\n\t\t\t\t\t\t<span class=\"elementor-button-content-wrapper\">\n\t\t\t\t\t\t\t\t\t<span class=\"elementor-button-text\">Ubicaci\u00f3n<\/span>\n\t\t\t\t\t<\/span>\n\t\t\t\t\t<\/a>\n\t\t\t\t<\/div>\n\t\t\t\t\t\t\t\t<\/div>\n\t\t\t\t<\/div>\n\t\t\t\t<\/div>\n\t\t\t\t\t<\/div>\n\t\t\t\t<\/div>\n\t\t<div class=\"elementor-element elementor-element-e475b71 e-flex e-con-boxed e-con e-parent\" data-id=\"e475b71\" data-element_type=\"container\" data-e-type=\"container\" data-settings=\"{&quot;background_background&quot;:&quot;classic&quot;}\">\n\t\t\t\t\t<div class=\"e-con-inner\">\n\t\t<div class=\"elementor-element elementor-element-f2786dc e-con-full e-flex e-con e-child\" data-id=\"f2786dc\" data-element_type=\"container\" data-e-type=\"container\">\n\t\t\t\t<div class=\"elementor-element elementor-element-ccc2ed5 elementor-widget elementor-widget-text-editor\" data-id=\"ccc2ed5\" data-element_type=\"widget\" data-e-type=\"widget\" data-widget_type=\"text-editor.default\">\n\t\t\t\t<div class=\"elementor-widget-container\">\n\t\t\t\t\t\t\t\t\tDE LUNES A VIERNES DE 8 H A 16 H\t\t\t\t\t\t\t\t<\/div>\n\t\t\t\t<\/div>\n\t\t\t\t<\/div>\n\t\t<div class=\"elementor-element elementor-element-ad4e745 e-con-full e-flex e-con e-child\" data-id=\"ad4e745\" data-element_type=\"container\" data-e-type=\"container\">\n\t\t\t\t<div class=\"elementor-element elementor-element-261bdf0 elementor-align-start elementor-icon-list--layout-traditional elementor-list-item-link-full_width elementor-widget elementor-widget-icon-list\" data-id=\"261bdf0\" data-element_type=\"widget\" data-e-type=\"widget\" data-widget_type=\"icon-list.default\">\n\t\t\t\t<div class=\"elementor-widget-container\">\n\t\t\t\t\t\t\t<ul class=\"elementor-icon-list-items\">\n\t\t\t\t\t\t\t<li class=\"elementor-icon-list-item\">\n\t\t\t\t\t\t\t\t\t\t\t<span class=\"elementor-icon-list-icon\">\n\t\t\t\t\t\t\t<svg xmlns=\"http:\/\/www.w3.org\/2000\/svg\" id=\"Capa_1\" data-name=\"Capa 1\" viewBox=\"0 0 98.66 97.6\"><defs><style>      .cls-1 {        fill: #fff;      }    <\/style><\/defs><path class=\"cls-1\" d=\"M98.53,38.05l-13.28-22.78c-.05-.09-.11-.17-.17-.25l-.06-.08V4.66c0-2.57-2.04-4.66-4.54-4.66H17.78c-2.51,0-4.54,2.09-4.54,4.66v10.91L.17,37.97c-.11.2-.17.42-.17.65,0,4.88,3.24,9.25,8.24,11.12l.21.08v46.51c0,.71.58,1.28,1.28,1.28h79.75c.71,0,1.28-.57,1.28-1.28v-46.71l.2-.08c4.68-1.97,7.71-6.25,7.71-10.9,0-.2-.05-.39-.14-.57ZM47.81,59.16v35.88h-13.08v-35.88h13.08ZM32.16,59.16v35.88h-13.08v-35.88h13.08ZM15.8,13.37V4.66c0-1.16.89-2.1,1.98-2.1h62.69c1.09,0,1.98.94,1.98,2.1v9.02H15.88l-.08-.32ZM74.73,39.9h21.28l-.08.38c-.91,4.52-5.35,7.79-10.56,7.79s-9.65-3.28-10.56-7.79l-.08-.38ZM49.09,56.6h-31.29c-.71,0-1.28.57-1.28,1.28v37.16h-5.5v-44.57l.36.05c5.61.74,10.97-1.7,13.66-6.26l.28-.47.28.47c2.32,3.94,6.82,6.39,11.74,6.39s9.41-2.45,11.74-6.38l.28-.47.28.47c2.32,3.94,6.82,6.39,11.74,6.39s9.41-2.45,11.74-6.38l.28-.47.28.47c2.72,4.61,8.55,7.14,14.19,6.18l.37-.06v44.67h-37.82v-37.16c0-.71-.58-1.28-1.28-1.28ZM3.51,37.34l12.11-20.77h0c.11-.2.35-.32.64-.32h14.3l-6.22,21.09H3.51ZM74.31,37.34l-6.22-21.09h14.3c.29,0,.52.11.63.29l12.12,20.8h-20.83ZM50.61,37.34v-21.09h14.81l6.21,21.09h-21.03ZM47.88,40.28c-.91,4.52-5.36,7.8-10.56,7.8s-9.65-3.28-10.56-7.8l-.08-.38h21.28l-.08.38ZM61.34,48.08c-5.21,0-9.65-3.28-10.56-7.8l-.08-.38h21.27l-.08.38c-.91,4.52-5.35,7.8-10.56,7.8M27.02,37.34l6.22-21.09h14.81v21.09h-21.03ZM23.85,40.28c-.91,4.52-5.35,7.8-10.56,7.8-5.21,0-9.65-3.28-10.56-7.8l-.08-.38h21.28l-.08.38Z\"><\/path><path class=\"cls-1\" d=\"M55.36,88.95h27.85c.36,0,.71-.15.96-.43.24-.27.36-.64.32-1-.61-5.63-4.29-10.4-9.6-12.46l-.49-.19.4-.35c1.81-1.58,2.86-3.85,2.86-6.23,0-4.57-3.75-8.29-8.37-8.29s-8.36,3.72-8.36,8.29c0,2.38,1.04,4.65,2.86,6.23l.4.35-.49.19c-5.31,2.06-8.99,6.83-9.6,12.46-.04.36.08.72.32,1,.24.27.59.42.95.42ZM56.86,86.39l.1-.4c1.44-5.53,6.51-9.4,12.32-9.4s10.87,3.87,12.32,9.4l.1.4h-24.84ZM63.49,68.3c0-3.15,2.6-5.72,5.8-5.72s5.8,2.57,5.8,5.72-2.6,5.72-5.8,5.72-5.8-2.57-5.8-5.72Z\"><\/path><\/svg>\t\t\t\t\t\t<\/span>\n\t\t\t\t\t\t\t\t\t\t<span class=\"elementor-icon-list-text\">Encu\u00e9ntranos en Av. Montserrat, 9 (El Rourell, Tarragona)<\/span>\n\t\t\t\t\t\t\t\t\t<\/li>\n\t\t\t\t\t\t<\/ul>\n\t\t\t\t\t\t<\/div>\n\t\t\t\t<\/div>\n\t\t\t\t<\/div>\n\t\t<div class=\"elementor-element elementor-element-a1c3137 e-con-full e-flex e-con e-child\" data-id=\"a1c3137\" data-element_type=\"container\" data-e-type=\"container\">\n\t\t\t\t<div class=\"elementor-element elementor-element-57d5073 elementor-widget elementor-widget-button\" data-id=\"57d5073\" data-element_type=\"widget\" data-e-type=\"widget\" data-widget_type=\"button.default\">\n\t\t\t\t<div class=\"elementor-widget-container\">\n\t\t\t\t\t\t\t\t\t<div class=\"elementor-button-wrapper\">\n\t\t\t\t\t<a class=\"elementor-button elementor-button-link elementor-size-sm\" href=\"https:\/\/maps.app.goo.gl\/iu8apQZ8Tw6oYeUF9\" target=\"_blank\" rel=\"noopener\">\n\t\t\t\t\t\t<span class=\"elementor-button-content-wrapper\">\n\t\t\t\t\t\t\t\t\t<span class=\"elementor-button-text\">Ubicaci\u00f3n<\/span>\n\t\t\t\t\t<\/span>\n\t\t\t\t\t<\/a>\n\t\t\t\t<\/div>\n\t\t\t\t\t\t\t\t<\/div>\n\t\t\t\t<\/div>\n\t\t\t\t<\/div>\n\t\t\t\t\t<\/div>\n\t\t\t\t<\/div>\n\t\t<div class=\"elementor-element elementor-element-0358afe e-flex e-con-boxed e-con e-parent\" data-id=\"0358afe\" data-element_type=\"container\" data-e-type=\"container\">\n\t\t\t\t\t<div class=\"e-con-inner\">\n\t\t\t\t<div class=\"elementor-element elementor-element-5677f7c elementor-widget elementor-widget-heading\" data-id=\"5677f7c\" data-element_type=\"widget\" data-e-type=\"widget\" data-widget_type=\"heading.default\">\n\t\t\t\t<div class=\"elementor-widget-container\">\n\t\t\t\t\t<span class=\"elementor-heading-title elementor-size-default\">encu\u00e9ntranos en todo el territorio<\/span>\t\t\t\t<\/div>\n\t\t\t\t<\/div>\n\t\t\t\t<div class=\"elementor-element elementor-element-c86f9bf elementor-widget elementor-widget-text-editor\" data-id=\"c86f9bf\" data-element_type=\"widget\" data-e-type=\"widget\" data-widget_type=\"text-editor.default\">\n\t\t\t\t<div class=\"elementor-widget-container\">\n\t\t\t\t\t\t\t\t\tPuedes encontrar nuestros productos en las siguientes tiendas:\t\t\t\t\t\t\t\t<\/div>\n\t\t\t\t<\/div>\n\t\t\t\t\t<\/div>\n\t\t\t\t<\/div>\n\t\t<div class=\"elementor-element elementor-element-636564b e-con-full e-flex e-con e-parent\" data-id=\"636564b\" data-element_type=\"container\" data-e-type=\"container\">\n\t\t\t\t<div class=\"elementor-element elementor-element-02c3724 elementor-widget elementor-widget-html\" data-id=\"02c3724\" data-element_type=\"widget\" data-e-type=\"widget\" data-widget_type=\"html.default\">\n\t\t\t\t<div class=\"elementor-widget-container\">\n\t\t\t\t\t<iframe src=\"https:\/\/www.google.com\/maps\/d\/embed?mid=1Pphd1NIWRJyoOwTbHqEFYctkNqwcjIM8&amp;ehbc=2E312F\" width=\"640\" height=\"500\"><\/iframe>\t\t\t\t<\/div>\n\t\t\t\t<\/div>\n\t\t\t\t<\/div>\n\t\t\t\t<\/div>\n\t\t","protected":false},"excerpt":{"rendered":"<p>VEN A PROBAR NUESTROS PRODUCTOS EN LA AGROTIENDA Ven a nuestro establecimiento para disfrutar de los productos de &#8216;La Trencadora&#8217; de primera mano. Ubicaci\u00f3n DE LUNES A VIERNES DE 8 H A 16 H Encu\u00e9ntranos en Av. Montserrat, 9 (El Rourell, Tarragona) Ubicaci\u00f3n encu\u00e9ntranos en todo el territorio Puedes encontrar nuestros productos en las siguientes [&hellip;]<\/p>\n","protected":false},"author":1,"featured_media":0,"parent":0,"menu_order":0,"comment_status":"closed","ping_status":"closed","template":"","meta":{"inline_featured_image":false,"footnotes":""},"class_list":["post-1635","page","type-page","status-publish","hentry"],"_links":{"self":[{"href":"https:\/\/latrencadora.com\/es\/wp-json\/wp\/v2\/pages\/1635","targetHints":{"allow":["GET"]}}],"collection":[{"href":"https:\/\/latrencadora.com\/es\/wp-json\/wp\/v2\/pages"}],"about":[{"href":"https:\/\/latrencadora.com\/es\/wp-json\/wp\/v2\/types\/page"}],"author":[{"embeddable":true,"href":"https:\/\/latrencadora.com\/es\/wp-json\/wp\/v2\/users\/1"}],"replies":[{"embeddable":true,"href":"https:\/\/latrencadora.com\/es\/wp-json\/wp\/v2\/comments?post=1635"}],"version-history":[{"count":4,"href":"https:\/\/latrencadora.com\/es\/wp-json\/wp\/v2\/pages\/1635\/revisions"}],"predecessor-version":[{"id":2846,"href":"https:\/\/latrencadora.com\/es\/wp-json\/wp\/v2\/pages\/1635\/revisions\/2846"}],"wp:attachment":[{"href":"https:\/\/latrencadora.com\/es\/wp-json\/wp\/v2\/media?parent=1635"}],"curies":[{"name":"wp","href":"https:\/\/api.w.org\/{rel}","templated":true}]}}