{"id":2165,"date":"2025-03-18T17:08:25","date_gmt":"2025-03-18T16:08:25","guid":{"rendered":"https:\/\/latrencadora.com\/politica-de-privacidad\/"},"modified":"2025-08-08T10:59:34","modified_gmt":"2025-08-08T09:59:34","slug":"politica-de-privacidad","status":"publish","type":"page","link":"https:\/\/latrencadora.com\/es\/politica-de-privacidad\/","title":{"rendered":"Pol\u00edtica de privacidad"},"content":{"rendered":"\t\t<div data-elementor-type=\"wp-page\" data-elementor-id=\"2165\" class=\"elementor elementor-2165 elementor-3\" data-elementor-post-type=\"page\">\n\t\t\t\t<div class=\"elementor-element elementor-element-7cf2f82 e-flex e-con-boxed e-con e-parent\" data-id=\"7cf2f82\" data-element_type=\"container\" data-e-type=\"container\">\n\t\t\t\t\t<div class=\"e-con-inner\">\n\t\t\t\t<div class=\"elementor-element elementor-element-54f1e0f elementor-widget elementor-widget-heading\" data-id=\"54f1e0f\" data-element_type=\"widget\" data-e-type=\"widget\" data-widget_type=\"heading.default\">\n\t\t\t\t<div class=\"elementor-widget-container\">\n\t\t\t\t\t<h1 class=\"elementor-heading-title elementor-size-default\">Pol\u00edtica de privacidad<\/h1>\t\t\t\t<\/div>\n\t\t\t\t<\/div>\n\t\t\t\t<div class=\"elementor-element elementor-element-906b9f7 elementor-widget elementor-widget-text-editor\" data-id=\"906b9f7\" data-element_type=\"widget\" data-e-type=\"widget\" data-widget_type=\"text-editor.default\">\n\t\t\t\t<div class=\"elementor-widget-container\">\n\t\t\t\t\t\t\t\t\t<p><strong>INFORMACI\u00d3N GENERAL DE PRIVACIDAD.<\/strong><\/p>\n<p><strong>\u00c1MBITO<\/strong><\/p>\n<p>La presente pol\u00edtica de privacidad de BASORA COMERCIAL-2, SL regula la obtenci\u00f3n, utilizaci\u00f3n y otras formas de tratamiento de datos personales facilitados por los Usuarios en esta Web o en cualquier otro entorno de Internet de BASORA COMERCIAL-2, SL. <\/p>\n<p>Mediante la implementaci\u00f3n de los posibles formularios incluidos en los distintos sitios web, relativos a los servicios prestados o los productos comercializados por BASORA COMERCIAL-2, SL, los Usuarios aceptan la inclusi\u00f3n y tratamiento de los datos que proporcionen en un tratamiento de datos de car\u00e1cter personal del que es titular BASORA COMERCIAL-2, SL, pudiendo ejercer los derechos pertinentes seg\u00fan lo expuesto en las siguientes cl\u00e1usulas.<\/p>\n<p>Todos los textos legales est\u00e1n a disposici\u00f3n de los Usuarios y\/o interesados en la p\u00e1gina web <a href=\"http:\/\/www.latrencadora.com\">www.latrencadora.com.<\/a><\/p>\n<p> <\/p>\n<p><strong>\u00bfQui\u00e9n es el responsable del tratamiento de sus datos?<\/strong><\/p>\n<p>BASORA COMERCIAL-2, SL es la persona jur\u00eddica responsable de la recogida y tratamiento de sus datos personales en relaci\u00f3n con los servicios que presta y que se comercializan en esta web.<\/p>\n<p> <\/p>\n<p>BASORA COMERCIAL-2, SL se compromete a respetar y salvaguardar su privacidad y la seguridad de sus datos. Los datos identificativos del Responsable del Tratamiento son: <\/p>\n<table width=\"100%\">\n<tbody>\n<tr>\n<td width=\"69%\">\n<p><strong>Raz\u00f3n Social del Responsable:<\/strong><\/p>\n<\/td>\n<td width=\"30%\">\n<p><strong>CIF:<\/strong><\/p>\n<\/td>\n<\/tr>\n<tr>\n<td width=\"69%\">\n<p>BASORA COMERCIAL-2, SL<\/p>\n<\/td>\n<td width=\"30%\">\n<p>B43113562<\/p>\n<\/td>\n<\/tr>\n<tr>\n<td colspan=\"2\" width=\"100%\">\n<p><strong>Direcci\u00f3n:<\/strong><\/p>\n<\/td>\n<\/tr>\n<tr>\n<td colspan=\"2\" width=\"100%\">\n<p>Av. Montserrat, 15 43142 El Rourell (Tarragona) <\/p>\n<\/td>\n<\/tr>\n<tr>\n<td colspan=\"2\" width=\"100%\">\n<p><strong>Contacta con nosotros<\/strong><\/p>\n<\/td>\n<\/tr>\n<tr>\n<td colspan=\"2\" width=\"100%\">\n<p>Av. Montserrat, 15 43142 El Rourell (Tarragona) \u2013 <a href=\"mailto:serpincolor@serpincolor.com\">antoni.torrens@latrencadora.com<\/a>. <\/p>\n<\/td>\n<\/tr>\n<\/tbody>\n<\/table>\n<p><br><strong>\u00bfCon qu\u00e9 finalidad\/es recopilamos sus datos? <\/strong><\/p>\n<p>De acuerdo con lo previsto en la normativa vigente, BASORA COMERCIAL-2, SL solo recopila los datos estrictamente necesarios para ofrecer los servicios derivados de su actividad y otras prestaciones, gestiones y actividades atribuidas por la Ley.<\/p>\n<p>En la presente web, solo se tratan datos de contacto e identificativos facilitados por los Usuarios. Los datos que se puedan recopilar del Usuario ser\u00e1n tratados con la finalidad de: <\/p>\n<ul>\n<li>Gesti\u00f3n de los datos de contacto para poder dar respuesta a las dudas y\/o preguntas formuladas, siendo la base legal su consentimiento.<\/li>\n<li>Env\u00edo de comunicaciones que puedan ser de su inter\u00e9s, en caso de corresponder, siendo la base legal su consentimiento.<\/li>\n<li>Gesti\u00f3n de la relaci\u00f3n mercantil suscrita con los clientes y\/o proveedores de nuestra Entidad, siendo la base legal la ejecuci\u00f3n de la relaci\u00f3n contractual.<\/li>\n<\/ul>\n<p>Se informa que no se realizar\u00e1n evaluaciones automatizadas, ni se elaborar\u00e1n perfiles de usuarios.<\/p>\n<p> <\/p>\n<p>Asimismo, le informamos que la informaci\u00f3n de las bases de datos podr\u00e1 ser utilizada para la identificaci\u00f3n de los Usuarios y para la realizaci\u00f3n de estudios estad\u00edsticos.<\/p>\n<p> <\/p>\n<p><strong>\u00bfDurante cu\u00e1nto tiempo conservamos sus datos personales?<\/strong><\/p>\n<p>Los datos personales ser\u00e1n conservados mientras el Usuario no manifieste lo contrario y por los plazos de conservaci\u00f3n legalmente establecidos, a menos que por motivos l\u00f3gicos y evidentes hayan perdido la utilidad o la finalidad leg\u00edtima para la que fueron captados.<\/p>\n<p> <\/p>\n<p><strong>\u00bfA qu\u00e9 destinatarios se comunicar\u00e1 sus datos?<\/strong><\/p>\n<p>Sus datos pueden ser comunicados a los siguientes terceros de confianza de BASORA COMERCIAL-2, SL: terceros que nos ayudan a proporcionar servicios de Tecnolog\u00edas de la Informaci\u00f3n, como proveedores de plataforma, servicios de alojamiento, mantenimiento y soporte en nuestras bases de datos, as\u00ed como en nuestro software y aplicaciones que pueden contener datos sobre Usted.<\/p>\n<p>BASORA COMERCIAL-2, SL colaborar\u00e1 para que los terceros cumplan con la legislaci\u00f3n vigente, si bien la responsabilidad ser\u00e1 exigible a los citados terceros.<\/p>\n<p>BASORA COMERCIAL-2, SL no vende, alquila o cede los datos personales de los Usuarios de esta Web, a excepci\u00f3n del caso que sea necesario para la propia prestaci\u00f3n del servicio.<\/p>\n<p>La Web puede tener en un futuro enlaces, aplicaciones o funcionalidades compartidas con terceros, como redes sociales o sistemas de comunicaci\u00f3n on-line. BASORA COMERCIAL-2, SL no se har\u00e1 responsable de las informaciones que puedan recogerse en estas aplicaciones, funcionalidades, o redes sociales titularidad de terceros al no tener ninguna capacidad de gesti\u00f3n ni control sobre las mismas, siendo por tanto de aplicaci\u00f3n los avisos legales y las pol\u00edticas de privacidad que puedan constar en los sitios web o similares de los terceros. <\/p>\n<p> <\/p>\n<p><strong>\u00bfCu\u00e1les son los derechos de los Usuarios que nos facilitan sus datos?<\/strong><\/p>\n<p>Los Usuarios podr\u00e1n ejercer, respecto de los datos recogidos en la forma descrita en punto primero, los derechos reconocidos en el Reglamento (UE) 2016\/679 del Parlamento Europeo y del Consejo de 27 de abril de 2016, relativo a la protecci\u00f3n de las personas f\u00edsicas en lo que respecto al tratamiento de datos personales y la libre circulaci\u00f3n de estos datos\/9 (Reglamento general de protecci\u00f3n de datos), y en particular los derechos de portabilidad, acceso, rectificaci\u00f3n, supresi\u00f3n y limitaci\u00f3n al tratamiento.<\/p>\n<p>Los derechos mencionados en el p\u00e1rrafo anterior podr\u00e1n ejercitarse para cada Usuario mediante solicitud escrita y firmada, acompa\u00f1ada de fotocopia de DNI o pasaporte, en la siguiente direcci\u00f3n:<\/p>\n<p> <\/p>\n<p><strong>BASORA COMERCIAL-2, SL<\/strong><\/p>\n<p><strong>Av. Montserrat, 15 <\/strong><strong> 43142 El Rourell (Tarragona)<\/strong><\/p>\n<p><a href=\"mailto:serpincolor@serpincolor.com\">antoni.torrens@latrencadora.com<\/a> <strong>  <\/strong><\/p>\n<p><strong> <\/strong><\/p>\n<p>Asimismo, se informa a los Usuarios que pueden retirar el consentimiento por el tratamiento de sus datos en cualquier momento, as\u00ed como que pueden presentar reclamaci\u00f3n frente a la Autoridad de Control (Agencia Espa\u00f1ola de Protecci\u00f3n de Datos) de considerarlo oportuno.<\/p>\n<p> <\/p>\n<p><strong>COMUNICACI\u00d3N DE INCIDENCIAS IRREGULARIDADES.<\/strong><\/p>\n<p>En caso de existir alguna conducta o situaci\u00f3n que pudiera ser susceptible de generar una incidencia o irregularidad de cualquier clase, se pide contactar con:<\/p>\n<p> <\/p>\n<p><strong>BASORA COMERCIAL-2, SL<\/strong><\/p>\n<p><strong>Av. Montserrat, 15 <\/strong><strong> 43142 El Rourell (Tarragona)<\/strong><\/p>\n<p><a href=\"mailto:serpincolor@serpincolor.com\">antoni.torrens@latrencadora.com<\/a><\/p>\n<p><strong> <\/strong><\/p>\n<p><strong>COMPROMISO DEL USUARIO PARA QUE SUS DATOS EST\u00c9N INSCRITAS EN UN TRATAMIENTO<\/strong><\/p>\n<p>BASORA COMERCIAL-2, SL recomienda que, antes de introducir los datos en alguna o algunas de las hojas de captaci\u00f3n de datos de la presente p\u00e1gina web, se lea detenidamente el aviso legal, pol\u00edtica de cookies y pol\u00edtica de privacidad.<\/p>\n<p>En cualquier caso, el Usuario es el responsable de la autenticidad de los datos aportados, que sean exactos, actuales y completos para la finalidad para la que sean aportados, asumiendo la responsabilidad de los da\u00f1os y perjuicios, tanto por lucro cesante como por da\u00f1o emergente, que puedan generarse por estas inexactitudes o falsedades. En cualquier caso, si los datos aportados en los correspondientes formularios fueran titularidad de un tercero, el Usuario se hace \u00fanico responsable de la correcta captaci\u00f3n del consentimiento e informaci\u00f3n al tercero sobre los aspectos reflejados en el presente Aviso Legal y Pol\u00edtica de Privacidad. <\/p>\n<p><br><strong>RESPONSABILIDAD DE LOS USUARIOS POR USO Y CONTENIDO.<\/strong><\/p>\n<p>Tanto el acceso a la Web como el uso que pueda hacerse de la informaci\u00f3n y contenidos incluidos en la misma, ser\u00e1 de exclusiva responsabilidad de quien lo realice. Por tanto, el uso que pueda hacerse de la informaci\u00f3n, im\u00e1genes, contenidos y\/o productos rese\u00f1ados y accesibles a trav\u00e9s del mismo, estar\u00e1 supeditado a la legalidad, sea nacional o internacional, aplicable, as\u00ed como a los principios de buena fe y uso l\u00edcito por parte de los Usuarios, a los que ser\u00e1n totalmente responsables de este acceso y del correcto uso. Los Usuarios estar\u00e1n obligados a hacer un uso razonable de los servicios o contenidos, bajo el principio de buena fe y con respeto a la legalidad vigente, a la moral, al orden p\u00fablico, a las buenas costumbres, a los derechos de terceros o de la propia empresa, sin embargo, seg\u00fan las posibilidades y finalidades por las que est\u00e1n concebidas. BASORA COMERCIAL-2, SL no asume responsabilidades, ya sean directas o indirectas, por da\u00f1os emergentes o lucro cesante, derivadas del mal uso de los servicios o contenidos realizados por los Usuarios o terceros.   <\/p>\n<p><br><strong>INFORMACI\u00d3N LSSI-CE<\/strong><\/p>\n<p>En cumplimiento del deber de informaci\u00f3n establecido en el art\u00edculo 10 de la vigente Ley 34\/2002, de 11 de julio, de Servicios de la Sociedad de la Informaci\u00f3n y de Comercio Electr\u00f3nico, le comunicamos que el dinamizador y gestor de contenidos de la Web donde se pueden descargar diferentes aplicaciones y\/o informaciones es BASORA COMERCIAL-2, SL con domicilio en A Montserrat, 15 43142 El Rourell (Tarragona) y con la gesti\u00f3n del dominio de Internet <a href=\"http:\/\/www.serpincolor.es\" target=\"_blank\" rel=\"noopener\">www.latrencadora.com<\/a>, inscrito en el registro correspondiente, atendiendo a comunicaciones de los usuarios y\/o interesados a trav\u00e9s del e-mail <a href=\"mailto:serpincolor@serpincolor.com\">antoni.torrens@latrencadora.com<\/a>.  <strong> <\/strong><\/p>\n<p><strong>Cualquier otra actividad comercial, mercantil, administrativa o de contrataci\u00f3n de productos y\/o servicios es responsabilidad de la entidad anteriormente mencionada, propietaria de este dominio.<\/strong><\/p>\n<p> <\/p>\n<p><strong><u>INFORMACI\u00d3N SOBRE EL USO DE OTRAS WEBS Y REDES SOCIALES <\/u><\/strong><\/p>\n<p>BASORA COMERCIAL-2, SL s\u00f3lo se hace responsable de los contenidos y de la gesti\u00f3n de la p\u00e1gina Web de la que sea titular u ostente un derecho de an\u00e1loga naturaleza. Cualquier otra p\u00e1gina web o red social o repositorio de informaci\u00f3n en Internet, fuera de la presente Web, es responsabilidad de sus leg\u00edtimos titulares <\/p>\n<p>BASORA COMERCIAL-2, SL, colabora de forma ordinaria con diferentes aplicaciones y entornos Web y siempre recomienda a todos los usuarios que antes de acceder a estos entornos web lean atentamente los correspondientes avisos legales y pol\u00edticas de privacidad y que s\u00f3lo accedan a los mismos una vez hayan comprendido y aceptado en su totalidad este texto legal.<\/p>\n<p>BASORA COMERCIAL-2, SL se compromete a controlar los contenidos que se expongan en estas redes sociales y expulsar\u00e1 a aquellos usuarios que hagan un uso incorrecto en ellas.<\/p>\n<p>BASORA COMERCIAL-2, SL recomienda, siguiendo las instrucciones del Instituto Nacional de Tecnolog\u00edas de la Comunicaci\u00f3n (INTECO) y de la Agencia Espa\u00f1ola de Protecci\u00f3n de Datos (AEPD), por la utilizaci\u00f3n de redes sociales o navegaci\u00f3n en entornos web, la ejecuci\u00f3n de las siguientes acciones:<\/p>\n<ul>\n<li>Se recomienda a todos los usuarios recurrir al uso de seud\u00f3nimos o \u201cnicks\u201d personales con los que operar a trav\u00e9s de Internet, permiti\u00e9ndoles disponer de una aut\u00e9ntica \u201cidentidad digital\u201d que no ponga en entredicho la seguridad de su vida personal y profesional.<\/li>\n<li>Se recomienda a los usuarios tener especial cuenta a la hora de publicar contenidos audiovisuales y gr\u00e1ficos en sus perfiles, puesto que en este caso pueden estar poniendo en riesgo la privacidad e intimidad de personas de su entorno.<\/li>\n<li>Se recomienda revisar y leer, tanto en el momento previo al registro de usuario como posteriormente, las condiciones generales de uso y la pol\u00edtica de privacidad que la plataforma pone a su disposici\u00f3n en los entornos web.<\/li>\n<li>Se recomienda configurar adecuadamente el grado de privacidad del perfil del usuario en la red social, de tal forma que \u00e9ste no sea completamente p\u00fablico sino que \u00fanicamente tengan acceso a la informaci\u00f3n publicada en el perfil aquellas personas que hayan sido catalogadas como \u201camigos\u201d o \u201ccontactos directos\u201d previamente por el Usuario.<\/li>\n<li>Se recomienda aceptar como contacto \u00fanicamente a aquellas personas conocidas o con quienes se mantiene alguna relaci\u00f3n previa, no aceptando de forma compulsiva todas las solicitudes de contacto que reciba e investigando siempre que fuera posible y necesario qui\u00e9n es la persona que solicita su contacto a trav\u00e9s de la red social.<\/li>\n<li>Se recomienda no publicar en el perfil de usuario informaci\u00f3n de contacto f\u00edsico que permita a cualquier persona conocer d\u00f3nde vive, d\u00f3nde trabaja o estudia a diario o los lugares de ocio que suele frecuentar.<\/li>\n<li>A los usuarios de herramientas de microblogging se recomienda tener especial cuidado en la publicaci\u00f3n de informaci\u00f3n relativa a los lugares donde se encuentra en todo momento.<\/li>\n<li>Se recomienda utilizar y publicar \u00fanicamente contenidos respecto a los que se cuente con los derechos de propiedad intelectual suficientes. En caso contrario, el Usuario estar\u00e1 cometiendo un il\u00edcito civil protegido por los tribunales nacionales. <\/li>\n<li>Se recomienda a los usuarios utilizar distintos nombres de usuario y contrase\u00f1as para entrar en las diferentes redes sociales de las que sea miembro.<\/li>\n<li>Se recomienda utilizar contrase\u00f1as con una extensi\u00f3n m\u00ednima de 8 caracteres, alfanum\u00e9ricos y con may\u00fasculas y min\u00fasculas.<\/li>\n<li>Se recomienda a todos los usuarios disponer en sus equipos de software antivirus instalado y debidamente actualizado.<\/li>\n<li>Se debe leer toda la informaci\u00f3n concerniente a la p\u00e1gina Web. En ella se explica qui\u00e9nes son los titulares de la misma y la finalidad por la que se solicitan los datos. <\/li>\n<\/ul>\n<ul>\n<li>Si el usuario es menor de 14 a\u00f1os, se necesita tambi\u00e9n el consentimiento de los padres tutores. En estos casos, siempre que se soliciten datos por parte de una red social debe preguntarse a los padres o tutores para ver si ellos aprueban la suscripci\u00f3n o no. <\/li>\n<li>No deben comunicarse a terceros los nombres de usuario y contrase\u00f1a, ni compartirlos entre amigos o compa\u00f1eros de clase. Estos datos son privados y no deben ser comunicados a terceros y\/o desconocidos. <\/li>\n<li>Siempre que se tenga cualquier duda respecto a alguna situaci\u00f3n que se derive del uso de las redes sociales y herramientas colaboradoras, debe preguntarse a los padres o tutores.<\/li>\n<li>Se debe mantener el ordenador en una zona com\u00fan de la casa.<\/li>\n<li>Se deben establecer reglas sobre el uso de Internet en casa.<\/li>\n<li>Los padres deben conocer el funcionamiento y las posibilidades de este tipo de plataformas, tanto positivas como negativas.<\/li>\n<li>Activar el control parental y herramientas de control de la plataforma, as\u00ed como establecer el correo del padre o tutor como correo de contacto secundario.<\/li>\n<li>Cerciorarse de que los controles de verificaci\u00f3n de la edad est\u00e1n implementados.<\/li>\n<li>Asegurar la correcta instalaci\u00f3n del bloqueador de contenidos.<\/li>\n<li>Concienciar e informar a los menores sobre aspectos relativos a la seguridad.<\/li>\n<li>Explicar a los menores que nunca deben quedar con personas que hayan conocido en el mundo online y que si lo hacen debe ser siempre en compa\u00f1\u00eda de sus padres o tutores.<\/li>\n<li>Cerciorarse de que los menores conocen los riesgos e implicaciones de alojar contenidos como v\u00eddeos y fotograf\u00edas, as\u00ed como el uso de c\u00e1maras web a trav\u00e9s de las redes sociales.<\/li>\n<li>Controlar el perfil de usuario del menor.<\/li>\n<li>Cerciorarse de que el menor s\u00f3lo accede a las p\u00e1ginas recomendadas para su edad.<\/li>\n<li>Cerciorarse de que los menores no utilizan su nombre completo.<\/li>\n<\/ul>\t\t\t\t\t\t\t\t<\/div>\n\t\t\t\t<\/div>\n\t\t\t\t\t<\/div>\n\t\t\t\t<\/div>\n\t\t\t\t<\/div>\n\t\t","protected":false},"excerpt":{"rendered":"<p>INFORMACI\u00d3N GENERAL DE PRIVACIDAD. \u00c1MBITO La presente pol\u00edtica de privacidad de BASORA COMERCIAL-2, SL regula la obtenci\u00f3n, utilizaci\u00f3n y otras formas de tratamiento de datos personales facilitados por los Usuarios en esta Web o en cualquier otro entorno de Internet de BASORA COMERCIAL-2, SL. Mediante la implementaci\u00f3n de los posibles formularios incluidos en los distintos [&hellip;]<\/p>\n","protected":false},"author":1,"featured_media":0,"parent":0,"menu_order":0,"comment_status":"closed","ping_status":"closed","template":"","meta":{"inline_featured_image":false,"footnotes":""},"class_list":["post-2165","page","type-page","status-publish","hentry"],"_links":{"self":[{"href":"https:\/\/latrencadora.com\/es\/wp-json\/wp\/v2\/pages\/2165","targetHints":{"allow":["GET"]}}],"collection":[{"href":"https:\/\/latrencadora.com\/es\/wp-json\/wp\/v2\/pages"}],"about":[{"href":"https:\/\/latrencadora.com\/es\/wp-json\/wp\/v2\/types\/page"}],"author":[{"embeddable":true,"href":"https:\/\/latrencadora.com\/es\/wp-json\/wp\/v2\/users\/1"}],"replies":[{"embeddable":true,"href":"https:\/\/latrencadora.com\/es\/wp-json\/wp\/v2\/comments?post=2165"}],"version-history":[{"count":1,"href":"https:\/\/latrencadora.com\/es\/wp-json\/wp\/v2\/pages\/2165\/revisions"}],"predecessor-version":[{"id":2166,"href":"https:\/\/latrencadora.com\/es\/wp-json\/wp\/v2\/pages\/2165\/revisions\/2166"}],"wp:attachment":[{"href":"https:\/\/latrencadora.com\/es\/wp-json\/wp\/v2\/media?parent=2165"}],"curies":[{"name":"wp","href":"https:\/\/api.w.org\/{rel}","templated":true}]}}