{"id":2565,"date":"2025-04-02T09:32:18","date_gmt":"2025-04-02T08:32:18","guid":{"rendered":"https:\/\/latrencadora.com\/condiciones-generales-de-compra\/"},"modified":"2026-02-12T14:56:39","modified_gmt":"2026-02-12T13:56:39","slug":"condiciones-generales-de-compra","status":"publish","type":"page","link":"https:\/\/latrencadora.com\/es\/condiciones-generales-de-compra\/","title":{"rendered":"Condiciones generales de compra"},"content":{"rendered":"\t\t<div data-elementor-type=\"wp-page\" data-elementor-id=\"2565\" class=\"elementor elementor-2565 elementor-10\" data-elementor-post-type=\"page\">\n\t\t\t\t<div class=\"elementor-element elementor-element-7d35a1f e-flex e-con-boxed e-con e-parent\" data-id=\"7d35a1f\" data-element_type=\"container\" data-e-type=\"container\">\n\t\t\t\t\t<div class=\"e-con-inner\">\n\t\t\t\t<div class=\"elementor-element elementor-element-31e5b65 elementor-widget elementor-widget-heading\" data-id=\"31e5b65\" data-element_type=\"widget\" data-e-type=\"widget\" data-widget_type=\"heading.default\">\n\t\t\t\t<div class=\"elementor-widget-container\">\n\t\t\t\t\t<h1 class=\"elementor-heading-title elementor-size-default\">Condiciones generales de compra<\/h1>\t\t\t\t<\/div>\n\t\t\t\t<\/div>\n\t\t\t\t<div class=\"elementor-element elementor-element-bd7b81e elementor-widget elementor-widget-text-editor\" data-id=\"bd7b81e\" data-element_type=\"widget\" data-e-type=\"widget\" data-widget_type=\"text-editor.default\">\n\t\t\t\t<div class=\"elementor-widget-container\">\n\t\t\t\t\t\t\t\t\t<p class=\"\" data-start=\"105\" data-end=\"302\"><strong data-start=\"105\" data-end=\"124\">1. Generalitats<br><\/strong><br data-start=\"124\" data-end=\"127\">Estas condiciones regulan la compra de productos en la tienda virtual de La Trencadora (<a class=\"\" href=\"http:\/\/www.latrencadora.com\" target=\"_new\" rel=\"noopener\" data-start=\"216\" data-end=\"236\">www.latrencadora.com<\/a>). Al realizar una compra, el cliente acepta estas condiciones. <\/p><p data-start=\"304\" data-end=\"766\"> <\/p><p class=\"\" data-start=\"304\" data-end=\"766\">2. Proceso de Compra<br><br data-start=\"327\" data-end=\"330\"><br data-start=\"422\" data-end=\"425\">\u2022 Para adquirir un producto, el cliente deber\u00e1 seleccionar el art\u00edculo y a\u00f1adirlo a la carretilla.<br data-start=\"526\" data-end=\"529\">\u2022 Una vez finalizada la selecci\u00f3n, deber\u00e1 rellenar el formulario con los datos de facturaci\u00f3n y env\u00edo.<br data-start=\"598\" data-end=\"601\">\u2022 El pago se realiza a trav\u00e9s de los m\u00e9todos disponibles en la web.<br data-start=\"709\" data-end=\"712\">\u2022 Tras la confirmaci\u00f3n del pago, el cliente recibir\u00e1 un correo electr\u00f3nico con los detalles de la compra.<br>\u2022 Disponibilidad de productos hasta fin de existencias.<\/p><p data-start=\"768\" data-end=\"1118\"> <\/p><p class=\"\" data-start=\"768\" data-end=\"1118\">3. Precios y Pagos<br><br data-start=\"792\" data-end=\"795\">\u2022 Todos los precios est\u00e1n en la moneda especificada e incluyen impuestos, salvo indicaci\u00f3n contraria.<br data-start=\"893\" data-end=\"896\">\u2022 Los m\u00e9todos de pago aceptados se detallan en nuestra p\u00e1gina de pagos.<br data-start=\"976\" data-end=\"979\">\u2022 La Trencadora se reserva el derecho de modificar los precios en cualquier momento, pero estos cambios no afectar\u00e1n a las compras ya confirmadas.<\/p><p data-start=\"1120\" data-end=\"1903\"> <\/p><p class=\"\" data-start=\"1120\" data-end=\"1903\">4. Gastos de Env\u00edo y Plazos de Entrega<br><br data-start=\"1172\" data-end=\"1175\">\u2022 Los env\u00edos se realizan en la direcci\u00f3n proporcionada por el cliente.<br>\u2022 El plazo de entrega var\u00eda seg\u00fan su ubicaci\u00f3n y ser\u00e1 informado durante el proceso de compra, siendo el plazo habitual de 24 a 48 h en la pen\u00ednsula (incluido Portugal). Los pedidos en las Islas Baleares habitualmente no superan los 14 d\u00edas. <br>\u2022 Los gastos de env\u00edo ser\u00e1n gratuitos para pedidos superiores a 35 \u20ac en la pen\u00ednsula y Portugal.<br>\u2022 Los gastos de env\u00edo ser\u00e1n de 15,99 \u20ac para todos los pedidos destinados a las Islas Baleares.<br>\u2022 No nos hacemos responsables de los retrasos ocasionados por terceros (mensajer\u00eda, aduanas, etc.).<\/p><p data-start=\"1905\" data-end=\"2537\"> <\/p><p class=\"\" data-start=\"1905\" data-end=\"2537\">5. Pol\u00edtica de Devoluciones y Cambios<br><br data-start=\"1944\" data-end=\"1947\">\u2022 El cliente podr\u00e1 solicitar una devoluci\u00f3n o cambio en un plazo de 7 d\u00edas a partir de la recepci\u00f3n del producto.<br data-start=\"2060\" data-end=\"2063\">\u2022 El producto debe estar en su estado original, sin uso y con el embalaje intacto.<br data-start=\"2149\" data-end=\"2152\">\u2022 Para solicitar una devoluci\u00f3n, el cliente deber\u00e1 contactar con nuestro servicio de atenci\u00f3n al cliente y seguir las instrucciones proporcionadas: <a rel=\"noopener\" data-start=\"2297\" data-end=\"2318\">info@latrencadora.com<\/a><br data-start=\"2318\" data-end=\"2321\">\u2022 Los gastos de env\u00edo de la devoluci\u00f3n ir\u00e1n a cargo del cliente, salvo que la devoluci\u00f3n sea por un error nuestro o por defecto del producto; en este caso, La Trencadora asumir\u00e1 la totalidad de los gastos.<\/p><p data-start=\"2539\" data-end=\"2721\"> <\/p><p class=\"\" data-start=\"2539\" data-end=\"2721\">6. Atenci\u00f3n al Cliente<br><br data-start=\"2563\" data-end=\"2566\"><br>Para cualquier consulta, el cliente puede contactar con nosotros a trav\u00e9s de nuestro correo electr\u00f3nico <a rel=\"noopener\" data-start=\"2669\" data-end=\"2690\">info@latrencadora.com<\/a> o por tel\u00e9fono al 977 84 10 38.<\/p><p data-start=\"2723\" data-end=\"2921\"> <\/p><p class=\"\" data-start=\"2723\" data-end=\"2921\">7. Modificaciones de las Condiciones<br><br data-start=\"2761\" data-end=\"2764\">La Trencadora se reserva el derecho de modificar estas condiciones en cualquier momento. Las condiciones aplicables ser\u00e1n las vigentes en el momento de la compra. <\/p><p class=\"\" data-start=\"2923\" data-end=\"2998\">La Trencadora es una marca registrada propiedad de Basora Comercial 2, S.L.<\/p>\t\t\t\t\t\t\t\t<\/div>\n\t\t\t\t<\/div>\n\t\t\t\t\t<\/div>\n\t\t\t\t<\/div>\n\t\t\t\t<\/div>\n\t\t","protected":false},"excerpt":{"rendered":"<p>1. GeneralitatsEstas condiciones regulan la compra de productos en la tienda virtual de La Trencadora (www.latrencadora.com). Al realizar una compra, el cliente acepta estas condiciones. 2. Proceso de Compra\u2022 Para adquirir un producto, el cliente deber\u00e1 seleccionar el art\u00edculo y a\u00f1adirlo a la carretilla.\u2022 Una vez finalizada la selecci\u00f3n, deber\u00e1 rellenar el formulario con los [&hellip;]<\/p>\n","protected":false},"author":1,"featured_media":0,"parent":0,"menu_order":0,"comment_status":"closed","ping_status":"closed","template":"","meta":{"inline_featured_image":false,"footnotes":""},"class_list":["post-2565","page","type-page","status-publish","hentry"],"_links":{"self":[{"href":"https:\/\/latrencadora.com\/es\/wp-json\/wp\/v2\/pages\/2565","targetHints":{"allow":["GET"]}}],"collection":[{"href":"https:\/\/latrencadora.com\/es\/wp-json\/wp\/v2\/pages"}],"about":[{"href":"https:\/\/latrencadora.com\/es\/wp-json\/wp\/v2\/types\/page"}],"author":[{"embeddable":true,"href":"https:\/\/latrencadora.com\/es\/wp-json\/wp\/v2\/users\/1"}],"replies":[{"embeddable":true,"href":"https:\/\/latrencadora.com\/es\/wp-json\/wp\/v2\/comments?post=2565"}],"version-history":[{"count":1,"href":"https:\/\/latrencadora.com\/es\/wp-json\/wp\/v2\/pages\/2565\/revisions"}],"predecessor-version":[{"id":2566,"href":"https:\/\/latrencadora.com\/es\/wp-json\/wp\/v2\/pages\/2565\/revisions\/2566"}],"wp:attachment":[{"href":"https:\/\/latrencadora.com\/es\/wp-json\/wp\/v2\/media?parent=2565"}],"curies":[{"name":"wp","href":"https:\/\/api.w.org\/{rel}","templated":true}]}}