{"id":2633,"date":"2025-04-01T14:17:19","date_gmt":"2025-04-01T13:17:19","guid":{"rendered":"https:\/\/latrencadora.com\/politica-de-cookies\/"},"modified":"2026-02-18T16:01:27","modified_gmt":"2026-02-18T15:01:27","slug":"politica-de-cookies","status":"publish","type":"page","link":"https:\/\/latrencadora.com\/es\/politica-de-cookies\/","title":{"rendered":"Pol\u00edtica de cookies"},"content":{"rendered":"\t\t<div data-elementor-type=\"wp-page\" data-elementor-id=\"2633\" class=\"elementor elementor-2633 elementor-927\" data-elementor-post-type=\"page\">\n\t\t\t\t<div class=\"elementor-element elementor-element-e347693 e-flex e-con-boxed e-con e-parent\" data-id=\"e347693\" data-element_type=\"container\" data-e-type=\"container\">\n\t\t\t\t\t<div class=\"e-con-inner\">\n\t\t\t\t<div class=\"elementor-element elementor-element-71af045 elementor-widget elementor-widget-heading\" data-id=\"71af045\" data-element_type=\"widget\" data-e-type=\"widget\" data-widget_type=\"heading.default\">\n\t\t\t\t<div class=\"elementor-widget-container\">\n\t\t\t\t\t<h1 class=\"elementor-heading-title elementor-size-default\">Pol\u00edtica de cookies<\/h1>\t\t\t\t<\/div>\n\t\t\t\t<\/div>\n\t\t\t\t<div class=\"elementor-element elementor-element-42a2d5a elementor-widget elementor-widget-text-editor\" data-id=\"42a2d5a\" data-element_type=\"widget\" data-e-type=\"widget\" data-widget_type=\"text-editor.default\">\n\t\t\t\t<div class=\"elementor-widget-container\">\n\t\t\t\t\t\t\t\t\t<p><strong>\u00bfQu\u00e9 son les cookies? <\/strong><\/p><p>Este sitio web utiliza cookies y\/o tecnolog\u00edas similares que almacenan y recuperan informaci\u00f3n cuando navegas. Por lo general, estas tecnolog\u00edas pueden servir para finalidades muy diversas, como, por ejemplo, reconocerte como usuario, obtener informaci\u00f3n sobre tus h\u00e1bitos de navegaci\u00f3n, o personalizar la forma en la que se muestra el contenido. Los usos concretos que hacemos de estas tecnolog\u00edas se describen a continuaci\u00f3n.   <\/p><p><strong>\u00bfQu\u00e9 tipos de cookies hay?<\/strong><strong> <\/strong>En funci\u00f3n de su finalidad, las cookies pueden ser: <\/p><p>\u2022<strong> Cookies t\u00e9cnicas:<\/strong> Son aqu\u00e9llas que permiten al usuario la navegaci\u00f3n a trav\u00e9s de una p\u00e1gina web, plataforma o aplicaci\u00f3n y la utilizaci\u00f3n de las diferentes opciones o servicios que en ella haya como, por ejemplo, controlar el tr\u00e1fico y la comunicaci\u00f3n de datos, identificar la sesi\u00f3n, acceder a partes de acceso res-restringido, recordar los elementos que integran un pedido, realizar el proceso de compra de un pedido, realizar la solicitud almacenar contenidos para la difusi\u00f3n de v\u00eddeos o sonido o compartir contenidos a trav\u00e9s de redes sociales. <\/p><p>\u2022 Cookies de personalizaci\u00f3n o preferencias: Son aquellas que permiten al usuario acceder al servicio con algunas caracter\u00edsticas de car\u00e1cter general predefinidas en funci\u00f3n de una serie de criterios en el terminal del usuario como ser\u00edan el idioma, el tipo de navegador mediante el cual accede al servicio, la configuraci\u00f3n regional desde donde se accede al servicio, etc.<\/p><p><span style=\"text-align: var(--text-align); color: var( --e-global-color-primary );\">\u2022<\/span><span style=\"text-align: var(--text-align); color: var( --e-global-color-primary );\"> <\/span><strong style=\"text-align: var(--text-align); color: var( --e-global-color-primary );\">Cookies de an\u00e1lisis<\/strong><span style=\"text-align: var(--text-align); color: var( --e-global-color-primary );\">: Son aquellas que permiten al responsable de las mismas, el seguimiento y an\u00e1lisis del comportamiento de los usuarios de los sitios web a los que est\u00e1n vinculadas. La informaci\u00f3n recogida mediante este tipo de cookies se utiliza en la medici\u00f3n de la actividad de los sitios web, aplicaci\u00f3n o plataforma y para la elaboraci\u00f3n de perfiles de navegaci\u00f3n de los usuarios de estos sitios, aplicaciones y plataformas, con el fin de introducir mejoras en funci\u00f3n del An\u00e1lisis Ambisis de los datos de uso que hacen los usuarios del servicio. <\/span><\/p><p>\u2022 Cookies publicitarias: Son aquellas que permiten la gesti\u00f3n, de la forma m\u00e1s eficaz posible, de los espacios publicitarios que, en su caso, el editor haya incluido en una p\u00e1gina web, aplicaci\u00f3n o plataforma desde la que presta el servicio solicitado en base a criterios como el contenido editado o la frecuencia en que se muestran los anuncios.<\/p><p><span style=\"text-align: var(--text-align); color: var( --e-global-color-primary );\">\u2022<\/span><span style=\"text-align: var(--text-align); color: var( --e-global-color-primary );\"> <\/span><strong style=\"background-color: transparent; text-align: var(--text-align); color: var( --e-global-color-primary );\">Cookies de publicidad comportamental<\/strong><span style=\"background-color: transparent; text-align: var(--text-align); color: var( --e-global-color-primary );\">: Son aquellas que permiten la gesti\u00f3n, de la forma m\u00e1s eficaz posible, de los espacios publicitarios que, en su caso, el editor haya incluido en una p\u00e1gina web, aplicaci\u00f3n o plataforma desde la que presta el servicio solicitado. Estas cookies almacenan informaci\u00f3n del comportamiento de los usuarios obtenida a trav\u00e9s de la observaci\u00f3n continuada de sus h\u00e1bitos de navegaci\u00f3n, lo que permite desarrollar un perfil espec\u00edfico para mostrar publicidad en funci\u00f3n de la misma. <\/span><\/p><p><strong>\u00bfQu\u00e9 cookies utilizamos? \u00bfPuedo configurarlas? Panel de configuraci\u00f3n de cookies.  <\/strong><\/p><p>Procedemos a detallar el uso de cookies que hace esta APP para informarle con la m\u00e1xima exactitud posible sobre las cookies que se utilizan en el presente entorno. Asimismo, por su facilidad le ofrecemos la posibilidad de aceptar o rechazar las cookies que le interesen, desde nuestro panel de configuraci\u00f3n de cookies. <\/p><p>El editor no se hace responsable ni de contenido ni de la veracidad de las pol\u00edticas de privacidad que puedan tener los terceros citados en la presente Pol\u00edtica de cookies.<\/p>\t\t\t\t\t\t\t\t<\/div>\n\t\t\t\t<\/div>\n\t\t\t\t<div class=\"elementor-element elementor-element-f14fb03 elementor-widget elementor-widget-html\" data-id=\"f14fb03\" data-element_type=\"widget\" data-e-type=\"widget\" data-widget_type=\"html.default\">\n\t\t\t\t<div class=\"elementor-widget-container\">\n\t\t\t\t\t<style>\n  .responsive-table {\n    overflow-x: auto;\n    max-width: 100%;\n  }\n  .responsive-table table {\n    width: 100%;\n    border-collapse: collapse;\n    min-width: 800px;\n  }\n  .responsive-table th,\n  .responsive-table td {\n    border: 1px solid #ccc;\n    padding: 8px;\n    text-align: left;\n  }\n  .responsive-table th {\n    background-color: #f4f4f4;\n  }\n<\/style>\n\n<div class=\"responsive-table\">\n  <table>\n    <thead>\n      <tr>\n        <th>Nombre de la cookie<\/th>\n<th>Proveedor<\/th>\n<th>Finalidad<\/th>\n<th>Duraci\u00f3n<\/th>\n<th>Consentimiento<\/th>\n      <\/tr>\n    <\/thead>\n    <tbody>\n      <tr>\n        <td>wc_cart_hash_*<\/td>\n<td>WooCommerce<\/td>\n<td>Almacenar informaci\u00f3n del carrito<\/td>\n<td>Sesi\u00f3n<\/td>\n<td>Necesaria<\/td>\n      <\/tr>\n      <tr>\n        <td>wc_cart_hash_*<\/td>\n<td>WooCommerce<\/td>\n<td>Almacenar informaci\u00f3n del carrito<\/td>\n<td>Sesi\u00f3n<\/td>\n<td>Necesaria<\/td>\n      <\/tr>\n      <tr>\n        <td>woocommerce_cart_hash<\/td>\n<td>WooCommerce<\/td>\n<td>Identificar el carrito actual<\/td>\n<td>Sesi\u00f3n<\/td>\n<td>Necesaria<\/td>\n      <\/tr>\n      <tr>\n        <td>woocommerce_items_in_cart<\/td>\n<td>WooCommerce<\/td>\n<td>Detectar si hay productos en el carrito<\/td>\n<td>Sesi\u00f3n<\/td>\n<td>Necesaria<\/td>\n      <\/tr>\n      <tr>\n        <td>wp_woocommerce_session_*<\/td>\n<td>WooCommerce<\/td>\n<td>Identificar al usuario entre sesiones<\/td>\n<td>2 d\u00edas<\/td>\n<td>Necesaria<\/td>\n      <\/tr>\n      <tr>\n        <td>elementor<\/td>\n<td>Elementor<\/td>\n<td>Guardar historial de construcci\u00f3n de p\u00e1ginas<\/td>\n<td>Persistente<\/td>\n<td>Necesaria<\/td>\n      <\/tr>\n      <tr>\n        <td>e_globals, e_kit-elements-defaults<\/td>\n<td>Elementor<\/td>\n<td>Guardar configuraci\u00f3n del editor visual<\/td>\n<td>Persistente<\/td>\n<td>Necesaria<\/td>\n      <\/tr>\n      <tr>\n        <td>storeApiNonce, storeApiCartData<\/td>\n<td>WooCommerce<\/td>\n<td>Seguridad y datos de la API de tienda<\/td>\n<td>Sesi\u00f3n<\/td>\n<td>Necesaria<\/td>\n      <\/tr>\n      <tr>\n        <td>filebird<\/td>\n<td>FileBird (plugin)<\/td>\n<td>Gesti\u00f3n de archivos en el admin<\/td>\n<td>Persistente<\/td>\n<td>Necesaria<\/td>\n      <\/tr>\n      <tr>\n        <td>wpml-*<\/td>\n<td>WPML<\/td>\n<td>Gesti\u00f3n de idioma del sitio y backoffice<\/td>\n<td>1 d\u00eda a persistente<\/td>\n<td>Preferencias<\/td>\n      <\/tr>\n      <tr>\n        <td>tk_ai, tk_qs<\/td>\n<td>Jetpack\/Automattic<\/td>\n<td>Estad\u00edsticas internas del CMS<\/td>\n<td>Sesi\u00f3n<\/td>\n<td>Estad\u00edsticas<\/td>\n      <\/tr>\n      <tr>\n        <td>_ga, _ga_*, __utma, __utmz<\/td>\n<td>Google Analytics<\/td>\n<td>An\u00e1lisis del tr\u00e1fico web<\/td>\n<td>2 a\u00f1os<\/td>\n<td>Estad\u00edsticas<\/td>\n      <\/tr>\n      <tr>\n        <td>sbjs_* (migrations, current_add, etc.)<\/td>\n<td>Sourcebuster.js<\/td>\n<td>Analizar la fuente de la visita<\/td>\n<td>6 meses<\/td>\n<td>Estad\u00edsticas<\/td>\n      <\/tr>\n      <tr>\n        <td>wordpress_test_cookie<\/td>\n<td>WordPress<\/td>\n<td>Comprobar si el navegador acepta cookies<\/td>\n<td>Sesi\u00f3n<\/td>\n<td>Necesaria<\/td>\n      <\/tr>\n      <tr>\n        <td>wordpress_logged_in_*<\/td>\n<td>WordPress<\/td>\n<td>Mantener sesi\u00f3n iniciada del usuario<\/td>\n<td>Sesi\u00f3n<\/td>\n<td>Necesaria<\/td>\n      <\/tr>\n      <tr>\n        <td>wp-settings-1, wp-settings-time-1<\/td>\n<td>WordPress<\/td>\n<td>Almacenar configuraci\u00f3n del admin<\/td>\n<td>1 a\u00f1o<\/td>\n<td>Necesaria<\/td>\n      <\/tr>\n      <tr>\n        <td>continueReview<\/td>\n<td>Desconocido (prob. interna)<\/td>\n<td>Revisar cambios pendientes<\/td>\n<td>Sesi\u00f3n<\/td>\n<td>Necesaria<\/td>\n      <\/tr>\n      <tr>\n        <td>loglevel<\/td>\n<td>Log interno<\/td>\n<td>Guardar mensajes de error de consola<\/td>\n<td>Persistente<\/td>\n<td>Necesaria<\/td>\n      <\/tr>\n    <\/tbody>\n  <\/table>\n<\/div>\n\t\t\t\t<\/div>\n\t\t\t\t<\/div>\n\t\t\t\t<div class=\"elementor-element elementor-element-eb18a76 elementor-widget elementor-widget-text-editor\" data-id=\"eb18a76\" data-element_type=\"widget\" data-e-type=\"widget\" data-widget_type=\"text-editor.default\">\n\t\t\t\t<div class=\"elementor-widget-container\">\n\t\t\t\t\t\t\t\t\t<p><strong>\u00bfQui\u00e9n utiliza las cookies?<\/strong><\/p><p><span style=\"text-align: var(--text-align); color: var( --e-global-color-primary );\">La informaci\u00f3n recopilada por las cookies puede ser recibida tanto por el editor de este entorno como por terceros. Debe tener en cuenta que si acepta la inclusi\u00f3n de cookies de terceros, para poder retirar posteriormente estas cookies deber\u00e1 acudir a las instalaciones de su navegador o las otorgadas por el propio tercero. <\/span><\/p><p>A continuaci\u00f3n, le facilitamos informaci\u00f3n relativa a la gesti\u00f3n o desactivaci\u00f3n de cookies de los principales navegadores:<\/p><p><strong>\u00bfC\u00f3mo puedo gestionar las cookies?<\/strong><\/p><p>Puede configurar el navegador para ser avisado de la recepci\u00f3n de cookies y negarse a aceptarlas activando la configuraci\u00f3n en el navegador que permite rechazarlas. Sin embargo, le advertimos que la desactivaci\u00f3n de las cookies puede provocar la limitaci\u00f3n, o incluso imposibilidad de acceso a algunas de las funcionalidades de nuestra web, as\u00ed como algunos de los servicios pueden dejar de funcionar. <\/p><p>Para m\u00e1s detalle sobre la configuraci\u00f3n de las cookies, le facilitamos informaci\u00f3n relativa a la gesti\u00f3n o desactivaci\u00f3n de cookies de los principales navegadores:<\/p><ul><li>Configuraci\u00f3n de cookies de Internet Explorer, <a href=\"http:\/\/windows.microsoft.com\/en-us\/windows\/upgrade-your-browser\" target=\"_blank\" rel=\"noopener\">http:\/\/windows.microsoft.com\/en-us\/windows\/upgrade-your-browser<\/a><\/li><li>Configuraci\u00f3n de cookies de Firefox, <a href=\"https:\/\/support.mozilla.org\/es\/kb\/habilitar-y-deshabilitar-cookies-que-los-sitios-we\" target=\"_blank\" rel=\"noopener\">https:\/\/support.mozilla.org\/es\/kb\/habilitar-y-deshabilitar-cookies-que-los-sitios-we<\/a><\/li><li>Configuraci\u00f3n de cookies de Google Chrome, <a href=\"https:\/\/support.google.com\/chrome\/answer\/95647?hl=es\" target=\"_blank\" rel=\"noopener\">https:\/\/support.google.com\/chrome\/answer\/95647?hl=es<\/a><\/li><li>Configuraci\u00f3n de cookies de Safari, <a href=\"http:\/\/support.apple.com\/kb\/HT1677?viewlocale=es_ES&amp;locale=es_ES\" target=\"_blank\" rel=\"noopener\">http:\/\/support.apple.com\/kb\/HT1677?viewlocale=es_ES&amp;locale=es_ES<\/a><\/li><li>Configuraci\u00f3n de cookies de Windows Phone &#8211; <a href=\"https:\/\/support.microsoft.com\/es-es\/help\/10635\/windows-phone-change-privacy-and-other-browser-settings\" target=\"_blank\" rel=\"noopener\">https:\/\/support.microsoft.com\/es-es\/help\/10635\/windows-phone-change-privacy-and-other-browser-settings<\/a><\/li><\/ul><p> <\/p><p>Tambi\u00e9n le proponemos consultar los siguientes sitios web: https:\/\/aboutcookies.org\/, https:\/\/www.youronlinechoices.eu\/, https:\/\/www.networkadvertising.org\/ o https:\/\/digitaladvertisingalliance.org\/ donde encontrar\u00e1 explicaciones detalladas sobre c\u00f3mo eliminar las cookies de su ordenador y m\u00e1s informaci\u00f3n general sobre mis-mes.<\/p><ul><li>Configuraci\u00f3n de cookies de Google Chrome, <a href=\"https:\/\/support.google.com\/chrome\/answer\/95647?hl=es\" target=\"_blank\" rel=\"noopener\">https:\/\/support.google.com\/chrome\/answer\/95647?hl=es<\/a><\/li><\/ul><ul><li>Configuraci\u00f3n de cookies de Safari, <a href=\"http:\/\/support.apple.com\/kb\/HT1677?viewlocale=es_ES&amp;locale=es_ES\" target=\"_blank\" rel=\"noopener\">http:\/\/support.apple.com\/kb\/HT1677?viewlocale=es_ES&amp;locale=es_ES<\/a><\/li><li>Configuraci\u00f3n de cookies de Windows Phone &#8211; <a href=\"https:\/\/support.microsoft.com\/es-es\/help\/10635\/windows-phone-change-privacy-and-other-browser-settings\" target=\"_blank\" rel=\"noopener\">https:\/\/support.microsoft.com\/es-es\/help\/10635\/windows-phone-change-privacy-and-other-browser-settings<\/a><\/li><\/ul><ul><li>Configuraci\u00f3n de cookies de Internet Explorer, <a href=\"http:\/\/windows.microsoft.com\/en-us\/windows\/upgrade-your-browser\" target=\"_blank\" rel=\"noopener\">http:\/\/windows.microsoft.com\/en-us\/windows\/upgrade-your-browser<\/a><\/li><\/ul><ul><li>Configuraci\u00f3 de cookies de Firefox, <a href=\"https:\/\/support.mozilla.org\/es\/kb\/habilitar-y-deshabilitar-cookies-que-los-sitios-we\" target=\"_blank\" rel=\"noopener\">https:\/\/support.mozilla.org\/es\/kb\/habilitar-y-deshabilitar-cookies-que-los-sitios-we<\/a><\/li><\/ul><p>Puede consultar qui\u00e9n utiliza la informaci\u00f3n recibida de las cookies (el propio editor o terceros) en nuestro panel de configuraci\u00f3n de cookies.<\/p><p><strong>\u00bfDurante cu\u00e1nto tiempo se conserva la informaci\u00f3n de las cookies?<\/strong> <\/p><p>Puede consultar durante cu\u00e1nto tiempo se conserva la informaci\u00f3n de cada tipo de cookie utilizada en nuestro panel de configuraci\u00f3n de cookies.<\/p><p><strong>\u00bfC\u00f3mo puedo desinstalar las cookies?<\/strong><\/p><p>El usuario puede desinstalar e inhabilitar las cookies desde su terminal ajustando la configuraci\u00f3n de forma que se acepte o rechace los permisos que desee. Desde este entorno no se puede garantizar la correcta o incorrecta manipulaci\u00f3n de las cookies desde elementos externos a la misma. Si desea tener un mayor control sobre la instalaci\u00f3n de cookies, puede instalar programas o complementos en su dispositivo que le permitan escoger aquellas cookies que desea permitir.  <\/p><p>El editor no puede garantizar la correcta o incorrecta manipulaci\u00f3n de las cookies por parte de dichos navegadores. Si desea tener un mayor control sobre la instalaci\u00f3n de cookies, puede instalar programas o complementos en su navegador, conocidos como herramientas de \u00abDo Not Track\u00bb, que le permitir\u00e1n escoger aquellas cookies que desea permitir. <\/p><p>El hecho de que el usuario configure su dispositivo para desechar todas las cookies o expresamente nuestras cookies puede suponer que no sea posible acceder a algunos de los servicios y que su experiencia en este entorno pueda resultar menos satisfactoria.<\/p><p>\u00bfD\u00f3nde puedo conocer m\u00e1s informaci\u00f3n relativa a la protecci\u00f3n de mis datos personales?<\/p><p>Puede consultar nuestra pol\u00edtica de privacidad a trav\u00e9s del siguiente enlace: <span style=\"text-decoration: underline;\"><a href=\"https:\/\/latrencadora.com\/es\/politica-de-privacidad\/\">politica de privacidad<\/a><\/span><\/p><p>El editor, identificado en el aviso legal, se reserva el derecho a modificar la presente Pol\u00edtica de Cookies para adaptarla a futura legislaci\u00f3n y\/o jurisprudencia aplicable, as\u00ed como a los futuros usos de los datos personales del usuario. En cualquier caso, los usuarios ser\u00e1n informados previamente de los cambios en la citada pol\u00edtica. <\/p>\t\t\t\t\t\t\t\t<\/div>\n\t\t\t\t<\/div>\n\t\t\t\t\t<\/div>\n\t\t\t\t<\/div>\n\t\t\t\t<\/div>\n\t\t","protected":false},"excerpt":{"rendered":"<p>\u00bfQu\u00e9 son les cookies? Este sitio web utiliza cookies y\/o tecnolog\u00edas similares que almacenan y recuperan informaci\u00f3n cuando navegas. Por lo general, estas tecnolog\u00edas pueden servir para finalidades muy diversas, como, por ejemplo, reconocerte como usuario, obtener informaci\u00f3n sobre tus h\u00e1bitos de navegaci\u00f3n, o personalizar la forma en la que se muestra el contenido. Los [&hellip;]<\/p>\n","protected":false},"author":1,"featured_media":0,"parent":0,"menu_order":0,"comment_status":"closed","ping_status":"closed","template":"","meta":{"inline_featured_image":false,"footnotes":""},"class_list":["post-2633","page","type-page","status-publish","hentry"],"_links":{"self":[{"href":"https:\/\/latrencadora.com\/es\/wp-json\/wp\/v2\/pages\/2633","targetHints":{"allow":["GET"]}}],"collection":[{"href":"https:\/\/latrencadora.com\/es\/wp-json\/wp\/v2\/pages"}],"about":[{"href":"https:\/\/latrencadora.com\/es\/wp-json\/wp\/v2\/types\/page"}],"author":[{"embeddable":true,"href":"https:\/\/latrencadora.com\/es\/wp-json\/wp\/v2\/users\/1"}],"replies":[{"embeddable":true,"href":"https:\/\/latrencadora.com\/es\/wp-json\/wp\/v2\/comments?post=2633"}],"version-history":[{"count":2,"href":"https:\/\/latrencadora.com\/es\/wp-json\/wp\/v2\/pages\/2633\/revisions"}],"predecessor-version":[{"id":2635,"href":"https:\/\/latrencadora.com\/es\/wp-json\/wp\/v2\/pages\/2633\/revisions\/2635"}],"wp:attachment":[{"href":"https:\/\/latrencadora.com\/es\/wp-json\/wp\/v2\/media?parent=2633"}],"curies":[{"name":"wp","href":"https:\/\/api.w.org\/{rel}","templated":true}]}}