{"id":2637,"date":"2025-04-01T14:16:37","date_gmt":"2025-04-01T13:16:37","guid":{"rendered":"https:\/\/latrencadora.com\/aviso-legal\/"},"modified":"2026-02-18T16:07:09","modified_gmt":"2026-02-18T15:07:09","slug":"aviso-legal","status":"publish","type":"page","link":"https:\/\/latrencadora.com\/es\/aviso-legal\/","title":{"rendered":"Aviso legal"},"content":{"rendered":"\t\t<div data-elementor-type=\"wp-page\" data-elementor-id=\"2637\" class=\"elementor elementor-2637 elementor-925\" data-elementor-post-type=\"page\">\n\t\t\t\t<div class=\"elementor-element elementor-element-1d03ce6 e-flex e-con-boxed e-con e-parent\" data-id=\"1d03ce6\" data-element_type=\"container\" data-e-type=\"container\">\n\t\t\t\t\t<div class=\"e-con-inner\">\n\t\t\t\t<div class=\"elementor-element elementor-element-bd20b42 elementor-widget elementor-widget-heading\" data-id=\"bd20b42\" data-element_type=\"widget\" data-e-type=\"widget\" data-widget_type=\"heading.default\">\n\t\t\t\t<div class=\"elementor-widget-container\">\n\t\t\t\t\t<h1 class=\"elementor-heading-title elementor-size-default\">Aviso legal<\/h1>\t\t\t\t<\/div>\n\t\t\t\t<\/div>\n\t\t\t\t<div class=\"elementor-element elementor-element-71583c9 elementor-widget elementor-widget-text-editor\" data-id=\"71583c9\" data-element_type=\"widget\" data-e-type=\"widget\" data-widget_type=\"text-editor.default\">\n\t\t\t\t<div class=\"elementor-widget-container\">\n\t\t\t\t\t\t\t\t\t<p>BASORA COMERCIAL-2, SL, provista de CIF B43113562, act\u00faa como titular, dinamizador y gestor de contenidos de la presente Web. BASORA COMERCIAL-2, SL informa a los Usuarios que cumple con la vigente normativa de protecci\u00f3n de datos, y con car\u00e1cter especial, con el Reglamento (UE) 2016\/679 del Parlamento Europeo y del Consejo de 27 de abril de 2016 relativo a la protecci\u00f3n de las personas f\u00edsicas en cuanto al tratamiento de datos personales y a la libre circulaci\u00f3n de estos (Reglamento general de protecci\u00f3n de datos), la Ley org\u00e1nica 3\/2018 de 5 de diciembre, de Protecci\u00f3n de Datos Personales y garant\u00eda de los derechos digitales y la Ley de la Sociedad de Servicios de la Informaci\u00f3n y Comercio Electr\u00f3nico, Ley 34\/2002, de 11 de julio. <\/p><table width=\"100%\"><tbody><tr><td width=\"69%\"><p><strong>Raz\u00f3n Social o nombre de la empresa:<\/strong><\/p><\/td><td width=\"30%\"><p><strong>CIF:<\/strong><\/p><\/td><\/tr><tr><td width=\"69%\"><p>BASORA COMERCIAL-2, SL<\/p><\/td><td width=\"30%\"><p>B43113562<\/p><\/td><\/tr><tr><td colspan=\"2\" width=\"100%\"><p><strong>Direcci\u00f3n:<\/strong><\/p><\/td><\/tr><tr><td colspan=\"2\" width=\"100%\"><p>Av. Montserrat, 15 <\/p><\/td><\/tr><tr><td width=\"69%\"><p><strong>Poblaci\u00f3n:<\/strong><\/p><\/td><td width=\"30%\"><p><strong>Recogida postal:<\/strong><\/p><\/td><\/tr><tr><td width=\"69%\"><p>El Rourell<\/p><\/td><td width=\"30%\"><p>43142<\/p><\/td><\/tr><tr><td width=\"69%\"> <\/td><td width=\"30%\"> <\/td><\/tr><\/tbody><\/table><p><strong> <\/strong><\/p><p><strong>CONCEPTO DE USUARIO<\/strong><\/p><p>La utilizaci\u00f3n de la Web atribuye la condici\u00f3n de Usuario, implicando la aceptaci\u00f3n plena y sin reservas de todas y cada una de las disposiciones incluidas en este Aviso Legal y en las Pol\u00edticas de Privacidad en la versi\u00f3n publicada por BASORA COMERCIAL-2, SL. en el mismo momento en que el Usuario acceda a la web. En consecuencia, el Usuario debe leer atentamente el presente Aviso Legal y las Pol\u00edticas de Privacidad en cada una de las ocasiones en las que se proponga utilizar la Web, ya que puede tener modificaciones.  <\/p><p> <\/p><p><strong>INFORMACI\u00d3N SOBRE LOS LINKS<\/strong><\/p><p>BASORA COMERCIAL-2, SL no se hace responsable de las webs no propias a las que se puede acceder mediante v\u00ednculos \u00ablinks\u00bb o de cualquier contenido puesto a disposici\u00f3n por terceros.<\/p><p>Cualquier uso de un v\u00ednculo o acceso a una web no propia es realizado por voluntad y riesgo exclusivo del usuario y BASORA COMERCIAL-2, SL no recomienda ni garantiza ninguna informaci\u00f3n obtenida a trav\u00e9s de un v\u00ednculo ajeno a la web de BASORA COMERCIAL-2, SL ni se responsabiliza de ninguna p\u00e9rdida, reclamaci\u00f3n o perjuicio derivada de la misma trav\u00e9s de \u00e9l, incluyendo otros v\u00ednculos o webs, de la interrupci\u00f3n en el servicio o en el acceso, o del intento de usar o usar mal un v\u00ednculo, tanto al conectarse a la Web de BASORA COMERCIAL-2, SL como al acceder a la informaci\u00f3n de otras webs desde la Web de BASORA COMERCIAL-2, SL v\u00ednculos o .<\/p><p>Se proh\u00edbe expresamente establecer el v\u00ednculo <a href=\"http:\/\/www.serpincolor.es\" target=\"_blank\" rel=\"noopener\">www.latrencadora.com<\/a> desde p\u00e1ginas que contengan manifestaciones o propaganda de car\u00e1cter racista, xen\u00f3fobo, pornogr\u00e1fico, de apolog\u00eda del terrorismo, en contra de los Derechos Humanos o cualquier otro de car\u00e1cter il\u00edcito o contrario a la moral y al orden p\u00fablico. En ning\u00fan caso se podr\u00e1 dar a entender, ni declarar que BASORA COMERCIAL-2, SL interviene, avala, promociona, participa o ha supervisado en forma alguna los contenidos de la p\u00e1gina donde figure el enlace, ni siquiera que consienta su incursi\u00f3n, salvo autorizaci\u00f3n expresa. <\/p><p><strong> <\/strong><\/p><p><strong>POL\u00cdTICA DE PRIVACIDAD<\/strong><\/p><p>BASORA COMERCIAL-2, SL, provista de CIF B43113562, act\u00faa como titular, dinamizador y gestor de contenidos de la presente Web. BASORA COMERCIAL-2, SL informa a los Usuarios que cumple con la vigente normativa de protecci\u00f3n de datos, y con car\u00e1cter especial, con el Reglamento (UE) 2016\/679 del Parlamento Europeo y del Consejo de 27 de abril de 2016 relativo a la protecci\u00f3n de las personas f\u00edsicas en cuanto al tratamiento de datos personales y a la libre circulaci\u00f3n de estos (Reglamento general de protecci\u00f3n de datos), la Ley org\u00e1nica 3\/2018 de 5 de diciembre, de Protecci\u00f3n de Datos Personales y garant\u00eda de los derechos digitales y con la Ley de la Sociedad de Servicios de la Informaci\u00f3n y Comercio Electr\u00f3nico, Ley 34\/2002, de 11 de julio. <\/p><p>En virtud de esta normativa se informa que los datos facilitados por el Usuario a trav\u00e9s de los formularios de la web, ser\u00e1n incorporados y tratados en un Registro de Actividades de Tratamiento del que es responsable BASORA COMERCIAL-2, SL, con el fin de atender la relaci\u00f3n establecida entre las partes y amparada por la normativa especialmente en materia de Protecci\u00f3n de Datos de Caro. Los datos son confidenciales y su uso responde a las finalidades legalmente establecidas en cada momento determinado. Si lo desea puede acceder, rectificar, cancelar y oponerse al tratamiento de estos datos mediante escrito dirigido a Avda. Montserrat, 15 43142 El Rourell (Tarragona). Para obtener m\u00e1s informaci\u00f3n sobre nuestra Pol\u00edtica de Privacidad, por favor dir\u00edjase al siguiente enlace Pol\u00edtica de Privacidad.    <\/p><p><strong> <\/strong><\/p><p><strong>INFORMACI\u00d3N SOBRE LA UTILIZACI\u00d3N DE COOKIES<\/strong><\/p><p>En esta Web se pueden utilizar cookies en algunas p\u00e1ginas. La finalidad de estas cookies es mejorar el servicio que ofrecen a sus clientes y visitantes. Si desea saber m\u00e1s sobre el uso de las cookies por parte de BASORA COMERCIAL-2, SL dir\u00edjase a nuestra Pol\u00edtica de cookies.   <\/p><p> <\/p><p><strong>RENUNCIA Y LIMITACI\u00d3N DE LA RESPONSABILIDAD<\/strong><\/p><p>BASORA COMERCIAL-2, SL informa que en todo momento implementa las medidas de seguridad oportunas a fin de presentar a los usuarios de la web informaciones y servicios adecuados, ciertos y actualizados; sin embargo, se reserva el derecho de rectificaci\u00f3n sobre aquellos aspectos que, eventualmente y de forma fortuita, puedan sufrir incorrecciones, desactualizaciones o errores.<\/p><p>BASORA COMERCIAL-2, SL ha obtenido la informaci\u00f3n y materiales incluidos en la web de fuentes consideradas como fiables, pero si bien se han tomado las medidas correspondientes para asegurar que la informaci\u00f3n contenida sea correcta, no garantiza que sea exacta o actualizada.<\/p><p>Tambi\u00e9n se advierte que los contenidos de esta Web tienen dos finalidades: una informativa en cuanto a la calidad, situaci\u00f3n y servicios de nuestra Entidad y otra relativa al comercio electr\u00f3nico de nuestros productos y\/o servicios, seg\u00fan lo previsto en el presente aviso legal y dem\u00e1s textos legales de la presente web.<\/p><p> <\/p><p><strong>INDICACIONES SOBRE ASPECTOS T\u00c9CNICOS<\/strong><\/p><p>BASORA COMERCIAL-2, SL declina cualquier responsabilidad en caso de que existan interrupciones o un mal funcionamiento de los servicios o contenidos ofrecidos en Internet, cualquiera que sea su causa. Asimismo, BASORA COMERCIAL-2, SL no se hace responsable por ca\u00eddas de la red, p\u00e9rdidas de informaci\u00f3n como consecuencia de estas ca\u00eddas, suspensiones temporales del fluido el\u00e9ctrico o cualquier otro tipo de da\u00f1o indirecto que pueda causarle a los Usuarios por causas ajenas a BASORA COMERCIAL-2, SL. <\/p><p>BASORA COMERCIAL-2, SL no declara ni garantiza que los servicios o contenidos sean ininterrumpidos o que est\u00e9n libres de errores, que los defectos sean corregidos, o que el servicio o servidor que lo pone a disposici\u00f3n est\u00e9n libres de virus u otros componentes nocivos, sin perjuicio de que BASORA COMERCIAL-2, SL realiza sus mejores esfuerzos a evitar. En caso de que el Usuario tomara determinadas decisiones o realizara acciones con base a la informaci\u00f3n incluida en cualquiera de los websites, se recomienda la comprobaci\u00f3n de la informaci\u00f3n recibida con otras fuentes. <\/p><p> <\/p><p><strong>PROPIEDAD INDUSTRIAL E INTELECTUAL<\/strong><\/p><p>Los contenidos prestados por BASORA COMERCIAL-2, SL as\u00ed como los contenidos vertidos en la red a trav\u00e9s de sus p\u00e1ginas web, constituyen una obra en el sentido de la legislaci\u00f3n sobre propiedad intelectual por lo que se encuentran protegidos por las leyes y convenios internacionales aplicables en la materia.<\/p><p>Queda prohibida cualquier forma de reproducci\u00f3n, distribuci\u00f3n, comunicaci\u00f3n p\u00fablica, transformaci\u00f3n, puesta a disposici\u00f3n y, en general, cualquier otro acto de explotaci\u00f3n p\u00fablica referido tanto a las p\u00e1ginas Web como a sus contenidos e informaci\u00f3n, sin expreso y previo consentimiento y por escrito de BASORA COMERCIAL-2, SL.<\/p><p>En consecuencia, todos los contenidos que se muestran en la website y especialmente, dise\u00f1os, textos, gr\u00e1ficos, logotipos, iconos, botones, software, nombres comerciales, marcas, dibujos industriales o cualesquiera otros signos susceptibles de utilizaci\u00f3n industrial y comercial est\u00e1n sujetos a derechos de propiedad intelectual e industrial de BASORA COMERCIAL-2, SL o de terceros titulares de los mismos.<\/p><p>Los contenidos, im\u00e1genes, formas, opiniones, \u00edndices y otras expresiones formales que formen parte de las p\u00e1ginas Web, as\u00ed como el software necesario para el funcionamiento y visualizaci\u00f3n de las mismas, constituyen asimismo una obra en el sentido del Derecho de Autor y quedan, por tanto, protegidas por las convenciones internacionales y legislaciones nacionales en materia de Propiedad intelectual que resulten aplicables. El incumplimiento de lo se\u00f1alado implica la comisi\u00f3n de El Rourell actos il\u00edcitos y su sanci\u00f3n por la legislaci\u00f3n civil y penal. <\/p><p>Queda prohibido todo acto por virtud del cual los Usuarios de los servicios o contenidos puedan explotar o servirse comercial, directa o indirecta, \u00edntegra o parcialmente, de cualquiera de los contenidos, im\u00e1genes, formas, \u00edndices y otras expresiones formales que formen parte de la p\u00e1gina Web sin permiso previo y por escrito de BASORA COMERCIAL-2, SL<\/p><p>En concreto, y sin car\u00e1cter exhaustivo, quedan prohibidos los actos de reproducci\u00f3n, distribuci\u00f3n, exhibici\u00f3n, transmisi\u00f3n, retransmisi\u00f3n, emisi\u00f3n en cualquier forma, almacenamiento en soportes f\u00edsicos o l\u00f3gicos (por ejemplo, disquetes o disco duro de ordenadores), digitalizaci\u00f3n o puesta a disposici\u00f3n desde bases de datos distintas de las pertenecientes a las autorizadas por BASORA COMERC o cualquier otra transformaci\u00f3n de estas opiniones, im\u00e1genes, formas, \u00edndices y otras expresiones formales que se pongan a disposici\u00f3n de los Usuarios a trav\u00e9s de los servicios o contenidos, en tanto tales actos est\u00e9n sometidos a la legislaci\u00f3n aplicable en materia de Propiedad intelectual, industrial o de protecci\u00f3n de la imagen.<\/p><p>BASORA COMERCIAL-2, SL es libre de limitar el acceso a las p\u00e1ginas Web, ya los productos y\/o servicios en ella ofrecidos, as\u00ed como a la consiguiente publicaci\u00f3n de las opiniones, observaciones, im\u00e1genes o comentarios que los Usuarios puedan hacerle llegar a trav\u00e9s del correo electr\u00f3nico.<\/p><p>BASORA COMERCIAL-2, SL en este sentido, podr\u00e1 establecer, si lo considera oportuno, sin perjuicio de la \u00fanica y exclusiva responsabilidad de los Usuarios, los filtros necesarios a fin de evitar que a trav\u00e9s de sus p\u00e1ginas Web puedan volcarse en la red contenidos u opiniones, considerados como racistas, xen\u00f3fobos, discriminatorios, pornogr\u00e1ficos, violencia o pornogr\u00e1ficos diseminaci\u00f3n de contenidos claramente il\u00edcitos o nocivos.<\/p><p>Aquellos Usuarios que env\u00eden a la p\u00e1gina Web de BASORA COMERCIAL-2, SL a su departamento de sugerencias, observaciones, opiniones o comentarios por medio del servicio de correo electr\u00f3nico, salvo que expresen de forma cierta e inconfundible lo contrario, en los casos en los que por la naturaleza de los servicios o contenidos esto sea posible, se entiende que autorizan a BASORA, COMERC transmisi\u00f3n, retransmisi\u00f3n, emisi\u00f3n en cualquier formato, almacenamiento en soportes f\u00edsicos o l\u00f3gicos (por ejemplo, disquetes o disco duro de ordenadores), digitalizaci\u00f3n, puesta a disposici\u00f3n desde bases de datos pertenecientes a BASORA COMERCIAL-2, SL traducci\u00f3n, adaptaci\u00f3n, arreglo o cualquier otra transformaci\u00f3n de tales observaciones, opiniones o comentarios, por todo el tiempo de protecci\u00f3n.<\/p><p>Asimismo, se entiende que esta autorizaci\u00f3n se hace a t\u00edtulo gratuito, y que por el mero hecho de enviar por correo electr\u00f3nico tales observaciones, opiniones o comentarios, los Usuarios declinan cualquier pretensi\u00f3n remuneratoria por parte de BASORA COMERCIAL-2, SL<\/p><p>De acuerdo con lo se\u00f1alado en el p\u00e1rrafo anterior, BASORA COMERCIAL-2, SL queda autorizada igualmente para proceder a la modificaci\u00f3n o alteraci\u00f3n de tales observaciones, opiniones o comentarios, a fin de adaptarlos a las necesidades de formato editorial de las p\u00e1ginas Web, sin que por ello pueda entenderse que existe en absoluto cualquier tipo de lesi\u00f3n de cualquiera de las facultades morales aquellas.<\/p><p>Quedan prohibidos cualesquiera de los recursos t\u00e9cnicos, l\u00f3gicos o tecnol\u00f3gicos por cuya virtud un tercero pueda beneficiarse, directa o indirectamente, con o sin lucro, de todos y cada uno de los contenidos, formas, \u00edndices y otras expresiones formales que formen parte de la p\u00e1gina Web, o del esfuerzo llevado a cabo por BASORA COMERCIAL-2, SL para su funcionamiento.<\/p><p>En concreto queda prohibido todo link, hyperlink, framing o v\u00ednculo similar que pueda establecerse en direcci\u00f3n a las p\u00e1ginas Web de BASORA COMERCIAL-2, SL sin el consentimiento previo, expreso y por escrito del cliente. Cualquier trasgresi\u00f3n de lo dispuesto en este punto ser\u00e1 considerada como lesi\u00f3n de los leg\u00edtimos derechos de Propiedad intelectual de BASORA COMERCIAL-2, SL sobre las p\u00e1ginas web y todos los contenidos de las mismas. <\/p><p>BASORA COMERCIAL-2, SL no asumir\u00e1 responsabilidad alguna ante consecuencias derivadas de las conductas y actuaciones antes citadas, al igual que no asumir\u00e1 responsabilidad alguna por los contenidos, servicios, productos, etc., de terceros a los que se pueda acceder directamente oa trav\u00e9s de banners, enlaces, links, hyperlinks, framing o v\u00ednculos similares desde la misma.<\/p>\t\t\t\t\t\t\t\t<\/div>\n\t\t\t\t<\/div>\n\t\t\t\t\t<\/div>\n\t\t\t\t<\/div>\n\t\t\t\t<\/div>\n\t\t","protected":false},"excerpt":{"rendered":"<p>BASORA COMERCIAL-2, SL, provista de CIF B43113562, act\u00faa como titular, dinamizador y gestor de contenidos de la presente Web. BASORA COMERCIAL-2, SL informa a los Usuarios que cumple con la vigente normativa de protecci\u00f3n de datos, y con car\u00e1cter especial, con el Reglamento (UE) 2016\/679 del Parlamento Europeo y del Consejo de 27 de abril [&hellip;]<\/p>\n","protected":false},"author":1,"featured_media":0,"parent":0,"menu_order":0,"comment_status":"closed","ping_status":"closed","template":"","meta":{"inline_featured_image":false,"footnotes":""},"class_list":["post-2637","page","type-page","status-publish","hentry"],"_links":{"self":[{"href":"https:\/\/latrencadora.com\/es\/wp-json\/wp\/v2\/pages\/2637","targetHints":{"allow":["GET"]}}],"collection":[{"href":"https:\/\/latrencadora.com\/es\/wp-json\/wp\/v2\/pages"}],"about":[{"href":"https:\/\/latrencadora.com\/es\/wp-json\/wp\/v2\/types\/page"}],"author":[{"embeddable":true,"href":"https:\/\/latrencadora.com\/es\/wp-json\/wp\/v2\/users\/1"}],"replies":[{"embeddable":true,"href":"https:\/\/latrencadora.com\/es\/wp-json\/wp\/v2\/comments?post=2637"}],"version-history":[{"count":1,"href":"https:\/\/latrencadora.com\/es\/wp-json\/wp\/v2\/pages\/2637\/revisions"}],"predecessor-version":[{"id":2638,"href":"https:\/\/latrencadora.com\/es\/wp-json\/wp\/v2\/pages\/2637\/revisions\/2638"}],"wp:attachment":[{"href":"https:\/\/latrencadora.com\/es\/wp-json\/wp\/v2\/media?parent=2637"}],"curies":[{"name":"wp","href":"https:\/\/api.w.org\/{rel}","templated":true}]}}