{"id":1871,"date":"2025-03-18T18:36:31","date_gmt":"2025-03-18T17:36:31","guid":{"rendered":"https:\/\/latrencadora.com\/crema-de-pistacho-con-crujiente\/"},"modified":"2026-02-18T15:34:21","modified_gmt":"2026-02-18T14:34:21","slug":"crema-de-pistacho-con-crujiente","status":"publish","type":"product","link":"https:\/\/latrencadora.com\/es\/crema-de-pistacho-con-crujiente\/","title":{"rendered":"Crema de pistacho con crujiente"},"content":{"rendered":"<p><strong>Compra Inteligente:<\/strong> Comprando estos productos est\u00e1s invirtiendo en tu tierra, su paisaje y su gente.\u00bbTodos los productos los hacemos \u00edntegramente en nuestro obrador de El Rourell (Alt Camp)\u00bb<\/p>\n","protected":false},"excerpt":{"rendered":"<p>Esta crema de pistacho est\u00e1 hecha con un 100% de pistachos seleccionados, con una textura crujiente que aporta un car\u00e1cter distintivo a tus platos. Sin aditivos ni conservantes, esta crema mantiene el sabor suave y ligeramente dulce de los pistachos de mayor calidad, pero con un punto crujiente que la hace \u00fanica. <\/p>\n<p>Ideal para postres como helados, pasteles o macarones, donde la textura crujiente contrasta perfectamente con la suavidad de los dem\u00e1s ingredientes. Tambi\u00e9n es perfecta para platos salados como un pesto de pistacho o como toque final en salsas para pasta, pescado o carne, aportando una experiencia de sabor y textura distinta. <\/p>\n<p><strong>Ingredientes:<\/strong><\/p>\n<p>Crema de pistacho 100%.<\/p>\n<p><strong>Consejo culinario:<\/strong><\/p>\n<p>A\u00f1ade una cucharada de crema de pistacho crujiente a una salsa por pasta o util\u00edzala como base para un pesto con albahaca fresca. Tambi\u00e9n puedes combinarlo con chocolate blanco para hacer un relleno crujiente por bombones o croissants. <\/p>\n","protected":false},"featured_media":778,"comment_status":"closed","ping_status":"closed","template":"","meta":{"inline_featured_image":false},"product_brand":[],"product_cat":[44,45],"product_tag":[],"alergens":[62,63,64],"class_list":{"0":"post-1871","1":"product","2":"type-product","3":"status-publish","4":"has-post-thumbnail","6":"product_cat-cremas","7":"product_cat-destacados","8":"alergens-sin-aditivos","9":"alergens-sin-gluten","10":"alergens-sin-lactosa","12":"first","13":"instock","14":"featured","15":"taxable","16":"shipping-taxable","17":"purchasable","18":"product-type-simple"},"_links":{"self":[{"href":"https:\/\/latrencadora.com\/es\/wp-json\/wp\/v2\/product\/1871","targetHints":{"allow":["GET"]}}],"collection":[{"href":"https:\/\/latrencadora.com\/es\/wp-json\/wp\/v2\/product"}],"about":[{"href":"https:\/\/latrencadora.com\/es\/wp-json\/wp\/v2\/types\/product"}],"replies":[{"embeddable":true,"href":"https:\/\/latrencadora.com\/es\/wp-json\/wp\/v2\/comments?post=1871"}],"version-history":[{"count":1,"href":"https:\/\/latrencadora.com\/es\/wp-json\/wp\/v2\/product\/1871\/revisions"}],"predecessor-version":[{"id":2622,"href":"https:\/\/latrencadora.com\/es\/wp-json\/wp\/v2\/product\/1871\/revisions\/2622"}],"wp:featuredmedia":[{"embeddable":true,"href":"https:\/\/latrencadora.com\/es\/wp-json\/wp\/v2\/media\/778"}],"wp:attachment":[{"href":"https:\/\/latrencadora.com\/es\/wp-json\/wp\/v2\/media?parent=1871"}],"wp:term":[{"taxonomy":"product_brand","embeddable":true,"href":"https:\/\/latrencadora.com\/es\/wp-json\/wp\/v2\/product_brand?post=1871"},{"taxonomy":"product_cat","embeddable":true,"href":"https:\/\/latrencadora.com\/es\/wp-json\/wp\/v2\/product_cat?post=1871"},{"taxonomy":"product_tag","embeddable":true,"href":"https:\/\/latrencadora.com\/es\/wp-json\/wp\/v2\/product_tag?post=1871"},{"taxonomy":"alergens","embeddable":true,"href":"https:\/\/latrencadora.com\/es\/wp-json\/wp\/v2\/alergens?post=1871"}],"curies":[{"name":"wp","href":"https:\/\/api.w.org\/{rel}","templated":true}]}}