{"id":1873,"date":"2025-03-18T18:36:27","date_gmt":"2025-03-18T17:36:27","guid":{"rendered":"https:\/\/latrencadora.com\/avellana-temprana-90-g\/"},"modified":"2026-04-08T07:06:27","modified_gmt":"2026-04-08T06:06:27","slug":"avellana-temprana-90-g","status":"publish","type":"product","link":"https:\/\/latrencadora.com\/es\/avellana-temprana-90-g\/","title":{"rendered":"Avellana Temprana 90 g"},"content":{"rendered":"<p>*Los calibres de la avellana se obtienen del cribado por gravedad y por ojal redondo.<\/p>\n<p>As\u00ed si un producto es S12 mm, significa que contiene todo el grano que no ha ca\u00eddo por un ojal redondo de 12 mm, por eso se dice sobre 12 mil\u00edmetros.<\/p>\n<p>&nbsp;<\/p>\n<p><strong>Compra Inteligente:<\/strong> Comprando estos productos est\u00e1s invirtiendo en tu tierra, su paisaje y su gente.<\/p>\n<p>\u00abTodos los productos los hacemos \u00edntegramente en nuestro obrador de El Rourell (Alt Camp)\u00bb<\/p>\n<p>&nbsp;<\/p>\n<p><strong>Procedencia: <\/strong>mayoritariamente Alt y Baix Camp y alrededores (Tarragona) o Comarca de la Selva (Girona). Puntualmente puede haber avellanas del Vall\u00e8s Oriental. <\/p>\n<p>Trazabilidad: Avellanas seleccionadas exclusivamente de las mejores cosechas de nuestra casa.<\/p>\n<p>Cada partida, est\u00e1 codificada y contiene todos los par\u00e1metros (fecha de entrada, variedad, procedencia y par\u00e1metros de calidad. De forma exclusiva ya diferencia de lo que se hace habitualmente, estas partidas se mantienen separadas a la espera de pedido. <\/p>\n<p>\u00abS\u00f3lo las mejores partidas garantizan siempre, el mejor producto terminado\u00bb<\/p>\n<p><strong>Descascarillado: <\/strong>Proceso de separaci\u00f3n del grano del caparaz\u00f3n hecho por m\u00e9todo de gravedad y presi\u00f3n, no por rozamiento.<\/p>\n<p>&nbsp;<\/p>\n<p><strong>Conservaci\u00f3n de las propiedades organol\u00e9pticas <\/strong><\/p>\n<p>Cuidamos el intervalo de tiempo entre el descascarillado y el envasado. La protecci\u00f3n natural de la avellana es su caparaz\u00f3n, cuando se descascarilla (separamos el caparaz\u00f3n del grano), se inicia el proceso de oxidaci\u00f3n del grano, incrementando exponencialmente el % de acidez en el aceite del fruto. <\/p>\n","protected":false},"excerpt":{"rendered":"<p>Disfruta de la avellana que come el labrador cuando hace la cosecha.<\/p>\n<p>Avellana en grano crudo, obtenida con sistema especial de roto para conservar toda la ternura de la avellana reci\u00e9n salida del copo.<\/p>\n<p>Venta exclusiva entre finales de agosto y mediados de septiembre.<\/p>\n<p>Variedad Gironell\/Tonda. (Seg\u00fan disponibilidad) <\/p>\n<p>Calibre S12 y S13 mm*<\/p>\n<p>Conservaci\u00f3n: Consumir una vez abierto<\/p>\n","protected":false},"featured_media":751,"comment_status":"closed","ping_status":"closed","template":"","meta":{"inline_featured_image":false},"product_brand":[],"product_cat":[56,43],"product_tag":[],"alergens":[63],"class_list":{"0":"post-1873","1":"product","2":"type-product","3":"status-publish","4":"has-post-thumbnail","6":"product_cat-avellana-cruda","7":"product_cat-avellanas","8":"alergens-sin-gluten","10":"first","11":"outofstock","12":"taxable","13":"shipping-taxable","14":"purchasable","15":"product-type-simple"},"_links":{"self":[{"href":"https:\/\/latrencadora.com\/es\/wp-json\/wp\/v2\/product\/1873","targetHints":{"allow":["GET"]}}],"collection":[{"href":"https:\/\/latrencadora.com\/es\/wp-json\/wp\/v2\/product"}],"about":[{"href":"https:\/\/latrencadora.com\/es\/wp-json\/wp\/v2\/types\/product"}],"replies":[{"embeddable":true,"href":"https:\/\/latrencadora.com\/es\/wp-json\/wp\/v2\/comments?post=1873"}],"version-history":[{"count":2,"href":"https:\/\/latrencadora.com\/es\/wp-json\/wp\/v2\/product\/1873\/revisions"}],"predecessor-version":[{"id":2854,"href":"https:\/\/latrencadora.com\/es\/wp-json\/wp\/v2\/product\/1873\/revisions\/2854"}],"wp:featuredmedia":[{"embeddable":true,"href":"https:\/\/latrencadora.com\/es\/wp-json\/wp\/v2\/media\/751"}],"wp:attachment":[{"href":"https:\/\/latrencadora.com\/es\/wp-json\/wp\/v2\/media?parent=1873"}],"wp:term":[{"taxonomy":"product_brand","embeddable":true,"href":"https:\/\/latrencadora.com\/es\/wp-json\/wp\/v2\/product_brand?post=1873"},{"taxonomy":"product_cat","embeddable":true,"href":"https:\/\/latrencadora.com\/es\/wp-json\/wp\/v2\/product_cat?post=1873"},{"taxonomy":"product_tag","embeddable":true,"href":"https:\/\/latrencadora.com\/es\/wp-json\/wp\/v2\/product_tag?post=1873"},{"taxonomy":"alergens","embeddable":true,"href":"https:\/\/latrencadora.com\/es\/wp-json\/wp\/v2\/alergens?post=1873"}],"curies":[{"name":"wp","href":"https:\/\/api.w.org\/{rel}","templated":true}]}}