{"id":1876,"date":"2025-03-18T18:36:28","date_gmt":"2025-03-18T17:36:28","guid":{"rendered":"https:\/\/latrencadora.com\/pack-1x250g-avellana-tostada-y-1-bote-avellana-y-chocolate\/"},"modified":"2026-02-19T16:09:08","modified_gmt":"2026-02-19T15:09:08","slug":"pack-1x250g-avellana-tostada-y-1-bote-avellana-y-chocolate","status":"publish","type":"product","link":"https:\/\/latrencadora.com\/es\/pack-1x250g-avellana-tostada-y-1-bote-avellana-y-chocolate\/","title":{"rendered":"Lote 1x250g Avellana Tostada y 1 Bote Avellana y chocolate"},"content":{"rendered":"<p><strong>Compra Inteligente:<\/strong> Comprando estos productos est\u00e1s invirtiendo en tu tierra, su paisaje y su gente.<\/p>\n<p>\u00abTodos los productos los hacemos \u00edntegramente en nuestro obrador de El Rourell (Alt Camp)\u00bb<\/p>\n<p><strong>Tra\u00e7abilitat: <\/strong>Avellanes seleccionades exclusivament de les millors collites de casa nostra.<\/p>\n<p>Cada partida, est\u00e1 codificada y contiene todos los par\u00e1metros (fecha de entrada, variedad, procedencia y par\u00e1metros de calidad. De forma exclusiva ya diferencia de lo que se hace habitualmente, estas partidas se mantienen separadas a la espera de pedido. <\/p>\n<p>\u00abS\u00f3lo las mejores partidas garantizan siempre, el mejor producto terminado\u00bb<\/p>\n<p><strong>Descascarillado: <\/strong>Proceso de separaci\u00f3n del grano del caparaz\u00f3n hecho por m\u00e9todo de gravedad y presi\u00f3n, no por rozamiento.<\/p>\n<p><strong>Conservaci\u00f3n de las propiedades organol\u00e9pticas <\/strong><\/p>\n<p>Cuidamos el intervalo de tiempo entre el descascarillado y el envasado. La protecci\u00f3n natural de la avellana es su caparaz\u00f3n, cuando se descascarilla (separamos el caparaz\u00f3n del grano), se inicia el proceso de oxidaci\u00f3n del grano, incrementando exponencialmente el % de acidez en el aceite del fruto. <\/p>\n","protected":false},"excerpt":{"rendered":"<p>Presentaci\u00f3n: El producto se empaqueta en una caja regalo, ideal para sorprender con un detalle de calidad o disfrutarlo en ocasiones especiales.<\/p>\n<p>&nbsp;<\/p>\n<p><strong>Avellana Tostada<\/strong><\/p>\n<p>Variedad: Negrita (&lt;0,1% otras variedades). <em>Aut\u00f3ctona cultivada en nuestro pa\u00eds.<\/em><\/p>\n<p>Tostado por m\u00e9todo artesanal rotativo, a baja temperatura. Frecuencia semanal (fecha de tostado estampado en cada bolsa) <\/p>\n<p>Conservaci\u00f3n: Evitar luz solar y en lugar fresco<\/p>\n<p>Recomendaci\u00f3n de consumo: Una vez abierto se aconseja consumirlo en 3 d\u00edas (Las propiedades organol\u00e9pticas excepcionales de la avellana tostada se pierden exponencialmente con el tiempo) <\/p>\n<p>&nbsp;<\/p>\n<p><strong>Crema de avellana y cacao<\/strong><\/p>\n<p>Crema de avellana con el 30% de contenido de pasta de variedad Negrita pura y con cacao de alta calidad y un toque de vainilla Bourbon de Madagascar para redondear la f\u00f3rmula.<\/p>\n<p>\u00a1Es un reconocimiento a los s\u00edmbolos de nuestra tierra, Pilarin Bayes y el suyo y nuestro Patufet, nos encomiendan ternura, dulzura y un pelo de atrevimiento, s\u00ed, nuestro patufet es peque\u00f1o pero vivaracho!<\/p>\n<p>Todo ello queremos ofrecer un producto gourmet con alma, de alta calidad para todos los de casa.<\/p>\n","protected":false},"featured_media":765,"comment_status":"closed","ping_status":"closed","template":"","meta":{"inline_featured_image":false},"product_brand":[],"product_cat":[43,44,46,47],"product_tag":[],"alergens":[63],"class_list":{"0":"post-1876","1":"product","2":"type-product","3":"status-publish","4":"has-post-thumbnail","6":"product_cat-avellanas","7":"product_cat-cremas","8":"product_cat-lotes","9":"product_cat-packs-es","10":"alergens-sin-gluten","12":"first","13":"instock","14":"taxable","15":"shipping-taxable","16":"purchasable","17":"product-type-simple"},"_links":{"self":[{"href":"https:\/\/latrencadora.com\/es\/wp-json\/wp\/v2\/product\/1876","targetHints":{"allow":["GET"]}}],"collection":[{"href":"https:\/\/latrencadora.com\/es\/wp-json\/wp\/v2\/product"}],"about":[{"href":"https:\/\/latrencadora.com\/es\/wp-json\/wp\/v2\/types\/product"}],"replies":[{"embeddable":true,"href":"https:\/\/latrencadora.com\/es\/wp-json\/wp\/v2\/comments?post=1876"}],"version-history":[{"count":2,"href":"https:\/\/latrencadora.com\/es\/wp-json\/wp\/v2\/product\/1876\/revisions"}],"predecessor-version":[{"id":2686,"href":"https:\/\/latrencadora.com\/es\/wp-json\/wp\/v2\/product\/1876\/revisions\/2686"}],"wp:featuredmedia":[{"embeddable":true,"href":"https:\/\/latrencadora.com\/es\/wp-json\/wp\/v2\/media\/765"}],"wp:attachment":[{"href":"https:\/\/latrencadora.com\/es\/wp-json\/wp\/v2\/media?parent=1876"}],"wp:term":[{"taxonomy":"product_brand","embeddable":true,"href":"https:\/\/latrencadora.com\/es\/wp-json\/wp\/v2\/product_brand?post=1876"},{"taxonomy":"product_cat","embeddable":true,"href":"https:\/\/latrencadora.com\/es\/wp-json\/wp\/v2\/product_cat?post=1876"},{"taxonomy":"product_tag","embeddable":true,"href":"https:\/\/latrencadora.com\/es\/wp-json\/wp\/v2\/product_tag?post=1876"},{"taxonomy":"alergens","embeddable":true,"href":"https:\/\/latrencadora.com\/es\/wp-json\/wp\/v2\/alergens?post=1876"}],"curies":[{"name":"wp","href":"https:\/\/api.w.org\/{rel}","templated":true}]}}