{"id":1883,"date":"2025-03-18T18:36:31","date_gmt":"2025-03-18T17:36:31","guid":{"rendered":"https:\/\/latrencadora.com\/crema-de-avellana-con-crujiente\/"},"modified":"2026-02-19T12:53:24","modified_gmt":"2026-02-19T11:53:24","slug":"crema-de-avellana-con-crujiente","status":"publish","type":"product","link":"https:\/\/latrencadora.com\/es\/crema-de-avellana-con-crujiente\/","title":{"rendered":"Crema de avellana con crujiente"},"content":{"rendered":"<p><strong>Compra Inteligente:<\/strong> Comprando estos productos est\u00e1s invirtiendo en tu tierra, su paisaje y su gente.\u00bbTodos los productos los hacemos \u00edntegramente en nuestro obrador de El Rourell (Alt Camp)\u00bb<\/p>\n","protected":false},"excerpt":{"rendered":"<p>Crema de avellana elaborada con un 100% de avellanas de nuestra tierra, sin aditivos ni conservantes, para preservar todo su aut\u00e9ntico sabor. Esta versi\u00f3n, con una textura crujiente, ofrece una experiencia \u00fanica en el paladar, aportando un toque de contraste en comparaci\u00f3n con las pastas m\u00e1s suaves y cremosas. Ideal para recetas donde quieras destacar tanto el sabor genuino de la avellana como una textura asombrosa.<\/p>\n<p>Puede utilizarse en preparaciones dulces como pasteles, helados o rellenos de bombones, o incluso para untar sobre pan tostado, donde su textura crujiente a\u00f1adir\u00e1 un toque especial. Adem\u00e1s, es excelente para salsas saladas, combin\u00e1ndola con ingredientes como la calabaza o quesos suaves.<\/p>\n<p><strong>Ingredientes:<\/strong><\/p>\n<p>Crema de avellana Negrita 100%.<\/p>\n<p><strong>Consejo culinario:<\/strong><\/p>\n<p>Prueba a a\u00f1adir una cucharadita de crema de avellana crujiente a la masa de galletas por una textura diferenciada, o m\u00e9zclala con yogur natural y frutos secos para un desayuno nutritivo y con m\u00e1s contraste.<\/p>\n","protected":false},"featured_media":779,"comment_status":"closed","ping_status":"closed","template":"","meta":{"inline_featured_image":false},"product_brand":[],"product_cat":[44,45],"product_tag":[],"alergens":[62,63,64],"class_list":{"0":"post-1883","1":"product","2":"type-product","3":"status-publish","4":"has-post-thumbnail","6":"product_cat-cremas","7":"product_cat-destacados","8":"alergens-sin-aditivos","9":"alergens-sin-gluten","10":"alergens-sin-lactosa","12":"first","13":"instock","14":"featured","15":"taxable","16":"shipping-taxable","17":"purchasable","18":"product-type-simple"},"_links":{"self":[{"href":"https:\/\/latrencadora.com\/es\/wp-json\/wp\/v2\/product\/1883","targetHints":{"allow":["GET"]}}],"collection":[{"href":"https:\/\/latrencadora.com\/es\/wp-json\/wp\/v2\/product"}],"about":[{"href":"https:\/\/latrencadora.com\/es\/wp-json\/wp\/v2\/types\/product"}],"replies":[{"embeddable":true,"href":"https:\/\/latrencadora.com\/es\/wp-json\/wp\/v2\/comments?post=1883"}],"version-history":[{"count":1,"href":"https:\/\/latrencadora.com\/es\/wp-json\/wp\/v2\/product\/1883\/revisions"}],"predecessor-version":[{"id":2623,"href":"https:\/\/latrencadora.com\/es\/wp-json\/wp\/v2\/product\/1883\/revisions\/2623"}],"wp:featuredmedia":[{"embeddable":true,"href":"https:\/\/latrencadora.com\/es\/wp-json\/wp\/v2\/media\/779"}],"wp:attachment":[{"href":"https:\/\/latrencadora.com\/es\/wp-json\/wp\/v2\/media?parent=1883"}],"wp:term":[{"taxonomy":"product_brand","embeddable":true,"href":"https:\/\/latrencadora.com\/es\/wp-json\/wp\/v2\/product_brand?post=1883"},{"taxonomy":"product_cat","embeddable":true,"href":"https:\/\/latrencadora.com\/es\/wp-json\/wp\/v2\/product_cat?post=1883"},{"taxonomy":"product_tag","embeddable":true,"href":"https:\/\/latrencadora.com\/es\/wp-json\/wp\/v2\/product_tag?post=1883"},{"taxonomy":"alergens","embeddable":true,"href":"https:\/\/latrencadora.com\/es\/wp-json\/wp\/v2\/alergens?post=1883"}],"curies":[{"name":"wp","href":"https:\/\/api.w.org\/{rel}","templated":true}]}}