{"id":1884,"date":"2025-03-18T18:36:31","date_gmt":"2025-03-18T17:36:31","guid":{"rendered":"https:\/\/latrencadora.com\/crema-de-pistacho\/"},"modified":"2026-02-19T16:03:01","modified_gmt":"2026-02-19T15:03:01","slug":"crema-de-pistacho","status":"publish","type":"product","link":"https:\/\/latrencadora.com\/es\/crema-de-pistacho\/","title":{"rendered":"Crema de Pistacho"},"content":{"rendered":"<p><strong>Compra Inteligente:<\/strong> Comprando estos productos est\u00e1s invirtiendo en tu tierra, su paisaje y su gente.\u00bbTodos los productos los hacemos \u00edntegramente en nuestro obrador de El Rourell (Alt Camp)\u00bb<\/p>\n","protected":false},"excerpt":{"rendered":"<p>La quema de pistacho est\u00e1 elaborada con un 100% de pistachos seleccionados de la m\u00e1s alta calidad, sin aditivos ni conservantes. Su sabor suave y ligeramente dulce con un punto salado caracter\u00edstico la convierte en un ingrediente vers\u00e1til para m\u00faltiples preparaciones. Es una crema con una textura cremosa y un color verde intenso, ideal para a\u00f1adirle un toque de elegancia a cualquier plato.  <\/p>\n<p>Este producto es perfecto para postres refinados como helados, macarons, pasteles y cremas. Pero tambi\u00e9n es una excelente opci\u00f3n para platos salados: puedes utilizarla para realizar un pesto de pistacho o incorporarla a salsas para pasta, pescado o carne, aportando un gusto sorprendente y original. <\/p>\n<p><strong>Ingredientes:<\/strong><\/p>\n<p>Crema de pistacho 100%.<\/p>\n<p><strong>Consejo culinario:<\/strong><\/p>\n<p>Nuestra crema de pistacho es perfecta para dar un toque especial a muchos platos sencillos. Intenta a\u00f1adir una cucharadita a un batido de pl\u00e1tano o leche de almendra para un desayuno energ\u00e9tico. Tambi\u00e9n queda deliciosa untada sobre tostadas con fruta fresca, mezclada con yogur natural o como relleno improvisado de magdalenas y crepes.  <\/p>\n","protected":false},"featured_media":780,"comment_status":"closed","ping_status":"closed","template":"","meta":{"inline_featured_image":false},"product_brand":[],"product_cat":[44,45],"product_tag":[],"alergens":[62,63,64],"class_list":{"0":"post-1884","1":"product","2":"type-product","3":"status-publish","4":"has-post-thumbnail","6":"product_cat-cremas","7":"product_cat-destacados","8":"alergens-sin-aditivos","9":"alergens-sin-gluten","10":"alergens-sin-lactosa","12":"first","13":"instock","14":"taxable","15":"shipping-taxable","16":"purchasable","17":"product-type-simple"},"_links":{"self":[{"href":"https:\/\/latrencadora.com\/es\/wp-json\/wp\/v2\/product\/1884","targetHints":{"allow":["GET"]}}],"collection":[{"href":"https:\/\/latrencadora.com\/es\/wp-json\/wp\/v2\/product"}],"about":[{"href":"https:\/\/latrencadora.com\/es\/wp-json\/wp\/v2\/types\/product"}],"replies":[{"embeddable":true,"href":"https:\/\/latrencadora.com\/es\/wp-json\/wp\/v2\/comments?post=1884"}],"version-history":[{"count":2,"href":"https:\/\/latrencadora.com\/es\/wp-json\/wp\/v2\/product\/1884\/revisions"}],"predecessor-version":[{"id":2683,"href":"https:\/\/latrencadora.com\/es\/wp-json\/wp\/v2\/product\/1884\/revisions\/2683"}],"wp:featuredmedia":[{"embeddable":true,"href":"https:\/\/latrencadora.com\/es\/wp-json\/wp\/v2\/media\/780"}],"wp:attachment":[{"href":"https:\/\/latrencadora.com\/es\/wp-json\/wp\/v2\/media?parent=1884"}],"wp:term":[{"taxonomy":"product_brand","embeddable":true,"href":"https:\/\/latrencadora.com\/es\/wp-json\/wp\/v2\/product_brand?post=1884"},{"taxonomy":"product_cat","embeddable":true,"href":"https:\/\/latrencadora.com\/es\/wp-json\/wp\/v2\/product_cat?post=1884"},{"taxonomy":"product_tag","embeddable":true,"href":"https:\/\/latrencadora.com\/es\/wp-json\/wp\/v2\/product_tag?post=1884"},{"taxonomy":"alergens","embeddable":true,"href":"https:\/\/latrencadora.com\/es\/wp-json\/wp\/v2\/alergens?post=1884"}],"curies":[{"name":"wp","href":"https:\/\/api.w.org\/{rel}","templated":true}]}}