{"id":2160,"date":"2025-08-07T11:34:52","date_gmt":"2025-08-07T10:34:52","guid":{"rendered":"https:\/\/latrencadora.com\/pack-4x250g-avellana-tostada-2\/"},"modified":"2025-08-07T11:34:52","modified_gmt":"2025-08-07T10:34:52","slug":"pack-4x250g-avellana-tostada-2","status":"publish","type":"product","link":"https:\/\/latrencadora.com\/es\/pack-4x250g-avellana-tostada-2\/","title":{"rendered":"Pack 4x250g Avellana Tostada"},"content":{"rendered":"<p><a href=\"https:\/\/latrencadora.com\/avellana-negreta-torrada-500-g\/\"><strong>Avellana negreta tostada<\/strong><\/a><\/p>\n<p>Variedad: Negreta (&lt; 0,1% otras variedades) Aut\u00f3ctona cultivada en nuestra tierra.<br \/>\nTostada mediante un m\u00e9todo artesanal rotativo, a baja temperatura. Frecuencia semanal (fecha de tostado impresa en cada bolsa). <\/p>\n<p>Conservaci\u00f3n: Evitar luz solar y en lugar fresco<\/p>\n<p>Recomendaci\u00f3n de consumo: Una vez abierto se aconseja consumirlo en 3 d\u00edas (Las propiedades organol\u00e9pticas excepcionales de la avellana tostada se pierden exponencialmente con el tiempo) <\/p>\n<p>&nbsp;<\/p>\n<p><strong>Compra Inteligente:<\/strong> Comprando estos productos est\u00e1s invirtiendo en tu tierra, su paisaje y su gente.<\/p>\n<p>\u00abTodos los productos los hacemos \u00edntegramente en nuestro obrador de El Rourell (Alt Camp)\u00bb<\/p>\n<p><strong>Procedencia: <\/strong>mayoritariamente Alt y Baix Camp y alrededores (Tarragona) o Comarca de la Selva (Girona). Puntualmente puede haber avellanas del Vall\u00e8s Oriental. <\/p>\n<p><strong>Tra\u00e7abilitat: <\/strong>Avellanes seleccionades exclusivament de les millors collites de casa nostra.<\/p>\n<p>Cada partida, est\u00e1 codificada y contiene todos los par\u00e1metros (fecha de entrada, variedad, procedencia y par\u00e1metros de calidad. De forma exclusiva ya diferencia de lo que se hace habitualmente, estas partidas se mantienen separadas a la espera de pedido. <\/p>\n<p>\u00abS\u00f3lo las mejores partidas garantizan siempre, el mejor producto terminado\u00bb<\/p>\n<p><strong>Descascarillado: <\/strong>Proceso de separaci\u00f3n del grano del caparaz\u00f3n hecho por m\u00e9todo de gravedad y presi\u00f3n, no por rozamiento.<\/p>\n<p><strong>Conservaci\u00f3n de las propiedades organol\u00e9pticas <\/strong><\/p>\n<p>Cuidamos el intervalo de tiempo entre el descascarillado y el envasado. La protecci\u00f3n natural de la avellana es su caparaz\u00f3n, cuando se descascarilla (separamos el caparaz\u00f3n del grano), se inicia el proceso de oxidaci\u00f3n del grano, incrementando exponencialmente el % de acidez en el aceite del fruto. <\/p>\n","protected":false},"excerpt":{"rendered":"<p>Avellana negreta tostada Variedad: Negreta (&lt; 0,1% otras variedades) Aut\u00f3ctona cultivada en nuestra tierra. Tostada mediante un m\u00e9todo artesanal rotativo, a baja temperatura. Frecuencia semanal (fecha de tostado impresa en cada bolsa). Conservaci\u00f3n: Evitar luz solar y en lugar fresco Recomendaci\u00f3n de consumo: Una vez abierto se aconseja consumirlo en 3 d\u00edas (Las propiedades organol\u00e9pticas [&hellip;]<\/p>\n","protected":false},"featured_media":2137,"comment_status":"open","ping_status":"closed","template":"","meta":{"inline_featured_image":false},"product_brand":[],"product_cat":[47],"product_tag":[],"alergens":[],"class_list":{"0":"post-2160","1":"product","2":"type-product","3":"status-publish","4":"has-post-thumbnail","6":"product_cat-packs-es","8":"first","9":"instock","10":"taxable","11":"shipping-taxable","12":"purchasable","13":"product-type-simple"},"_links":{"self":[{"href":"https:\/\/latrencadora.com\/es\/wp-json\/wp\/v2\/product\/2160","targetHints":{"allow":["GET"]}}],"collection":[{"href":"https:\/\/latrencadora.com\/es\/wp-json\/wp\/v2\/product"}],"about":[{"href":"https:\/\/latrencadora.com\/es\/wp-json\/wp\/v2\/types\/product"}],"replies":[{"embeddable":true,"href":"https:\/\/latrencadora.com\/es\/wp-json\/wp\/v2\/comments?post=2160"}],"version-history":[{"count":0,"href":"https:\/\/latrencadora.com\/es\/wp-json\/wp\/v2\/product\/2160\/revisions"}],"wp:featuredmedia":[{"embeddable":true,"href":"https:\/\/latrencadora.com\/es\/wp-json\/wp\/v2\/media\/2137"}],"wp:attachment":[{"href":"https:\/\/latrencadora.com\/es\/wp-json\/wp\/v2\/media?parent=2160"}],"wp:term":[{"taxonomy":"product_brand","embeddable":true,"href":"https:\/\/latrencadora.com\/es\/wp-json\/wp\/v2\/product_brand?post=2160"},{"taxonomy":"product_cat","embeddable":true,"href":"https:\/\/latrencadora.com\/es\/wp-json\/wp\/v2\/product_cat?post=2160"},{"taxonomy":"product_tag","embeddable":true,"href":"https:\/\/latrencadora.com\/es\/wp-json\/wp\/v2\/product_tag?post=2160"},{"taxonomy":"alergens","embeddable":true,"href":"https:\/\/latrencadora.com\/es\/wp-json\/wp\/v2\/alergens?post=2160"}],"curies":[{"name":"wp","href":"https:\/\/api.w.org\/{rel}","templated":true}]}}