{"id":2162,"date":"2025-08-08T09:26:04","date_gmt":"2025-08-08T08:26:04","guid":{"rendered":"https:\/\/latrencadora.com\/crema-de-almendra-con-crujiente\/"},"modified":"2026-04-13T11:10:10","modified_gmt":"2026-04-13T10:10:10","slug":"crema-de-almendra-con-crujiente","status":"publish","type":"product","link":"https:\/\/latrencadora.com\/es\/crema-de-almendra-con-crujiente\/","title":{"rendered":"Crema de almendra con crujiente"},"content":{"rendered":"<p><strong>Compra Inteligente:<\/strong> Comprando estos productos est\u00e1s invirtiendo en tu tierra, su paisaje y su gente.\u00bbTodos los productos los hacemos \u00edntegramente en nuestro obrador de El Rourell (Alt Camp)\u00bb<\/p>\n","protected":false},"excerpt":{"rendered":"<h3 data-start=\"145\" data-end=\"177\"><strong data-start=\"149\" data-end=\"177\">Crema de Almendra Crujiente<\/strong><\/h3>\n<p data-start=\"179\" data-end=\"496\">Crema de almendra elaborada con un 100% de almendras de nuestra tierra, sin aditivos ni conservantes, para preservar todo el sabor aut\u00e9ntico. Esta versi\u00f3n crujiente ofrece una experiencia m\u00e1s intensa y con car\u00e1cter, combinando la riqueza de la almendra tostada con una textura que aporta contraste y personalidad a cada bocado.<\/p>\n<p data-start=\"498\" data-end=\"905\">Ideal para recetas donde, adem\u00e1s del genuino sabor de la almendra, quieras incorporar un punto de textura diferente. Su presencia se hace notar tanto en elaboraciones dulces como saladas. Es perfecta para pasteles, galletas o toppings de helados, as\u00ed como para untar sobre pan tostado, donde el toque crujiente marca la diferencia.<br \/>\nTambi\u00e9n puede enriquecer salsas o cremas de verduras, aportando profundidad y un acabado asombroso.  <\/p>\n<p data-start=\"907\" data-end=\"925\"><strong data-start=\"907\" data-end=\"923\">Ingredientes:<\/strong><\/p>\n<p data-start=\"928\" data-end=\"949\">Crema de almendra 100%.<\/p>\n<p>Consejo culinario:<br data-start=\"113\" data-end=\"116\">Intenta incorporar la crema de almendra crujiente como base de una vinagreta original, mezcl\u00e1ndola con aceite de oliva virgen extra, un toque de miel y unas gotas de lim\u00f3n para ali\u00f1ar ensaladas tibias o verduras asadas. Tambi\u00e9n es ideal para dar un acabado crujiente a un cuenco de smoothie o sobre una tostada con pl\u00e1tano y canela. <\/p>\n","protected":false},"featured_media":2130,"comment_status":"open","ping_status":"closed","template":"","meta":{"inline_featured_image":false},"product_brand":[],"product_cat":[44],"product_tag":[],"alergens":[62,63,64],"class_list":{"0":"post-2162","1":"product","2":"type-product","3":"status-publish","4":"has-post-thumbnail","6":"product_cat-cremas","7":"alergens-sin-aditivos","8":"alergens-sin-gluten","9":"alergens-sin-lactosa","11":"first","12":"instock","13":"taxable","14":"shipping-taxable","15":"purchasable","16":"product-type-simple"},"_links":{"self":[{"href":"https:\/\/latrencadora.com\/es\/wp-json\/wp\/v2\/product\/2162","targetHints":{"allow":["GET"]}}],"collection":[{"href":"https:\/\/latrencadora.com\/es\/wp-json\/wp\/v2\/product"}],"about":[{"href":"https:\/\/latrencadora.com\/es\/wp-json\/wp\/v2\/types\/product"}],"replies":[{"embeddable":true,"href":"https:\/\/latrencadora.com\/es\/wp-json\/wp\/v2\/comments?post=2162"}],"version-history":[{"count":3,"href":"https:\/\/latrencadora.com\/es\/wp-json\/wp\/v2\/product\/2162\/revisions"}],"predecessor-version":[{"id":2886,"href":"https:\/\/latrencadora.com\/es\/wp-json\/wp\/v2\/product\/2162\/revisions\/2886"}],"wp:featuredmedia":[{"embeddable":true,"href":"https:\/\/latrencadora.com\/es\/wp-json\/wp\/v2\/media\/2130"}],"wp:attachment":[{"href":"https:\/\/latrencadora.com\/es\/wp-json\/wp\/v2\/media?parent=2162"}],"wp:term":[{"taxonomy":"product_brand","embeddable":true,"href":"https:\/\/latrencadora.com\/es\/wp-json\/wp\/v2\/product_brand?post=2162"},{"taxonomy":"product_cat","embeddable":true,"href":"https:\/\/latrencadora.com\/es\/wp-json\/wp\/v2\/product_cat?post=2162"},{"taxonomy":"product_tag","embeddable":true,"href":"https:\/\/latrencadora.com\/es\/wp-json\/wp\/v2\/product_tag?post=2162"},{"taxonomy":"alergens","embeddable":true,"href":"https:\/\/latrencadora.com\/es\/wp-json\/wp\/v2\/alergens?post=2162"}],"curies":[{"name":"wp","href":"https:\/\/api.w.org\/{rel}","templated":true}]}}