{"id":2323,"date":"2025-11-26T15:57:45","date_gmt":"2025-11-26T14:57:45","guid":{"rendered":"https:\/\/latrencadora.com\/pot-crema-avellanes-cacau-150-g\/"},"modified":"2026-04-13T11:11:05","modified_gmt":"2026-04-13T10:11:05","slug":"pot-crema-avellanes-cacau-150-g","status":"publish","type":"product","link":"https:\/\/latrencadora.com\/es\/pot-crema-avellanes-cacau-150-g\/","title":{"rendered":"Pot Crema Avellanes Cacau 150 g"},"content":{"rendered":"<p><strong>Compra Inteligente:<\/strong> Comprando estos productos est\u00e1s invirtiendo en tu tierra, su paisaje y su gente.<\/p>\n<p>\u00abTodos los productos los hacemos \u00edntegramente en nuestro obrador de El Rourell (Alt Camp)\u00bb<\/p>\n<p>Trazabilidad: Avellanas seleccionadas exclusivamente de las mejores cosechas de nuestra casa.<\/p>\n<p>Cada partida, est\u00e1 codificada y contiene todos los par\u00e1metros (fecha de entrada, variedad, procedencia y par\u00e1metros de calidad. De forma exclusiva ya diferencia de lo que se hace habitualmente, estas partidas se mantienen separadas a la espera de pedido. <\/p>\n<p>\u00abS\u00f3lo las mejores partidas garantizan siempre, el mejor producto terminado\u00bb<\/p>\n<p><strong>Descascarillado: <\/strong>Proceso de separaci\u00f3n del grano del caparaz\u00f3n hecho por m\u00e9todo de gravedad y presi\u00f3n, no por rozamiento.<\/p>\n<p><strong>Conservaci\u00f3n de las propiedades organol\u00e9pticas <\/strong><\/p>\n<p>Cuidamos el intervalo de tiempo entre el descascarillado y el envasado. La protecci\u00f3n natural de la avellana es su caparaz\u00f3n, cuando se descascarilla (separamos el caparaz\u00f3n del grano), se inicia el proceso de oxidaci\u00f3n del grano, incrementando exponencialmente el % de acidez en el aceite del fruto. <\/p>\n","protected":false},"excerpt":{"rendered":"<p>Crema de avellana con el 30% de contenido de pasta de variedad Negrita pura y con cacao de alta calidad y un toque de vainilla Bourbon de Madagascar para redondear la f\u00f3rmula.<\/p>\n<p>\u00a1Es un reconocimiento a los s\u00edmbolos de nuestra tierra, Pilarin Bayes y el suyo y nuestro Patufet, nos encomiendan ternura, dulzura y un pelo de atrevimiento, s\u00ed, nuestro patufet es peque\u00f1o pero vivaracho!<\/p>\n<p>Todo ello queremos ofrecer un producto gourmet con alma, de alta calidad para todos los de casa.<\/p>\n<p><strong>Ingredientes:<\/strong><\/p>\n<p>Az\u00facar de ca\u00f1a, <strong>Avellana<\/strong> Negrita 30%, <strong>leche<\/strong> desnatada en polvo, cacao desengrasado en polvo, aceite de coco, aceite de girasol alto oleico, lecitina de <strong>soja<\/strong> (ligante), extracto de vainilla natural.<\/p>\n","protected":false},"featured_media":2884,"comment_status":"closed","ping_status":"closed","template":"","meta":{"inline_featured_image":false},"product_brand":[],"product_cat":[44,45],"product_tag":[],"alergens":[63],"class_list":{"0":"post-2323","1":"product","2":"type-product","3":"status-publish","4":"has-post-thumbnail","6":"product_cat-cremas","7":"product_cat-destacados","8":"alergens-sin-gluten","10":"first","11":"instock","12":"taxable","13":"shipping-taxable","14":"purchasable","15":"product-type-simple"},"_links":{"self":[{"href":"https:\/\/latrencadora.com\/es\/wp-json\/wp\/v2\/product\/2323","targetHints":{"allow":["GET"]}}],"collection":[{"href":"https:\/\/latrencadora.com\/es\/wp-json\/wp\/v2\/product"}],"about":[{"href":"https:\/\/latrencadora.com\/es\/wp-json\/wp\/v2\/types\/product"}],"replies":[{"embeddable":true,"href":"https:\/\/latrencadora.com\/es\/wp-json\/wp\/v2\/comments?post=2323"}],"version-history":[{"count":2,"href":"https:\/\/latrencadora.com\/es\/wp-json\/wp\/v2\/product\/2323\/revisions"}],"predecessor-version":[{"id":2700,"href":"https:\/\/latrencadora.com\/es\/wp-json\/wp\/v2\/product\/2323\/revisions\/2700"}],"wp:featuredmedia":[{"embeddable":true,"href":"https:\/\/latrencadora.com\/es\/wp-json\/wp\/v2\/media\/2884"}],"wp:attachment":[{"href":"https:\/\/latrencadora.com\/es\/wp-json\/wp\/v2\/media?parent=2323"}],"wp:term":[{"taxonomy":"product_brand","embeddable":true,"href":"https:\/\/latrencadora.com\/es\/wp-json\/wp\/v2\/product_brand?post=2323"},{"taxonomy":"product_cat","embeddable":true,"href":"https:\/\/latrencadora.com\/es\/wp-json\/wp\/v2\/product_cat?post=2323"},{"taxonomy":"product_tag","embeddable":true,"href":"https:\/\/latrencadora.com\/es\/wp-json\/wp\/v2\/product_tag?post=2323"},{"taxonomy":"alergens","embeddable":true,"href":"https:\/\/latrencadora.com\/es\/wp-json\/wp\/v2\/alergens?post=2323"}],"curies":[{"name":"wp","href":"https:\/\/api.w.org\/{rel}","templated":true}]}}