{"id":2551,"date":"2025-11-27T17:19:34","date_gmt":"2025-11-27T16:19:34","guid":{"rendered":"https:\/\/latrencadora.com\/crema-de-anacardos-con-crujiente\/"},"modified":"2026-04-08T06:46:10","modified_gmt":"2026-04-08T05:46:10","slug":"crema-de-anacardos-con-crujiente","status":"publish","type":"product","link":"https:\/\/latrencadora.com\/es\/crema-de-anacardos-con-crujiente\/","title":{"rendered":"Crema de anacardos con crujiente"},"content":{"rendered":"<p><strong>Compra Inteligente:<\/strong> Comprando estos productos est\u00e1s invirtiendo en tu tierra, su paisaje y su gente.\u00bbTodos los productos los hacemos \u00edntegramente en nuestro obrador de El Rourell (Alt Camp)\u00bb<\/p>\n","protected":false},"excerpt":{"rendered":"<p data-start=\"199\" data-end=\"567\">Nuestra crema de anacardos est\u00e1 elaborada exclusivamente con anacardos 100% naturales, seleccionados por su finura y sabor sutilmente dulce. Sin aditivos ni conservantes, conserva toda la esencia de ese fruto seco tan vers\u00e1til. La textura crujiente aporta un juego agradable al bocado, convirti\u00e9ndola en una opci\u00f3n \u00fanica para a\u00f1adir profundidad e inter\u00e9s a tus recetas.  <\/p>\n<p data-start=\"569\" data-end=\"1048\">Los anacardos destacan por su cremosidad natural, y esta crema es el reflejo perfecto: es ideal para integrar en platos donde busques una base suave pero con car\u00e1cter. Funciona especialmente bien en elaboraciones de inspiraci\u00f3n asi\u00e1tica, como currys, salsas suaves, woks o marinajes. En la cocina dulce, combina de maravilla con chocolate blanco, fruta tropical o masas de reposter\u00eda ligera. Incluso untada sobre tostadas o galletas integrales, se convierte en un bocado equilibrado y sabroso.   <\/p>\n<p data-start=\"1050\" data-end=\"1068\"><strong data-start=\"1050\" data-end=\"1066\">Ingredientes:<\/strong><\/p>\n<p data-start=\"1071\" data-end=\"1093\">Crema de anacardos 100%.<\/p>\n<p data-start=\"1095\" data-end=\"1415\"><strong data-start=\"1095\" data-end=\"1116\">Consejo culinario:<\/strong><br data-start=\"1116\" data-end=\"1119\"><br \/>\nPor un toque gourmet, mezcla una cucharada de crema de anacardos crujiente con leche de coco y un poco de curry suave para obtener una salsa r\u00e1pida y deliciosa para verduras o pollo. Tambi\u00e9n puedes incorporarla a un smoothie de mango y pl\u00e1tano para conseguir una textura m\u00e1s rica y un sabor sorprendente. <\/p>\n","protected":false},"featured_media":2879,"comment_status":"open","ping_status":"closed","template":"","meta":{"inline_featured_image":false},"product_brand":[],"product_cat":[44],"product_tag":[],"alergens":[62,63,64],"class_list":{"0":"post-2551","1":"product","2":"type-product","3":"status-publish","4":"has-post-thumbnail","6":"product_cat-cremas","7":"alergens-sin-aditivos","8":"alergens-sin-gluten","9":"alergens-sin-lactosa","11":"first","12":"instock","13":"taxable","14":"shipping-taxable","15":"purchasable","16":"product-type-simple"},"_links":{"self":[{"href":"https:\/\/latrencadora.com\/es\/wp-json\/wp\/v2\/product\/2551","targetHints":{"allow":["GET"]}}],"collection":[{"href":"https:\/\/latrencadora.com\/es\/wp-json\/wp\/v2\/product"}],"about":[{"href":"https:\/\/latrencadora.com\/es\/wp-json\/wp\/v2\/types\/product"}],"replies":[{"embeddable":true,"href":"https:\/\/latrencadora.com\/es\/wp-json\/wp\/v2\/comments?post=2551"}],"version-history":[{"count":3,"href":"https:\/\/latrencadora.com\/es\/wp-json\/wp\/v2\/product\/2551\/revisions"}],"predecessor-version":[{"id":2815,"href":"https:\/\/latrencadora.com\/es\/wp-json\/wp\/v2\/product\/2551\/revisions\/2815"}],"wp:featuredmedia":[{"embeddable":true,"href":"https:\/\/latrencadora.com\/es\/wp-json\/wp\/v2\/media\/2879"}],"wp:attachment":[{"href":"https:\/\/latrencadora.com\/es\/wp-json\/wp\/v2\/media?parent=2551"}],"wp:term":[{"taxonomy":"product_brand","embeddable":true,"href":"https:\/\/latrencadora.com\/es\/wp-json\/wp\/v2\/product_brand?post=2551"},{"taxonomy":"product_cat","embeddable":true,"href":"https:\/\/latrencadora.com\/es\/wp-json\/wp\/v2\/product_cat?post=2551"},{"taxonomy":"product_tag","embeddable":true,"href":"https:\/\/latrencadora.com\/es\/wp-json\/wp\/v2\/product_tag?post=2551"},{"taxonomy":"alergens","embeddable":true,"href":"https:\/\/latrencadora.com\/es\/wp-json\/wp\/v2\/alergens?post=2551"}],"curies":[{"name":"wp","href":"https:\/\/api.w.org\/{rel}","templated":true}]}}