{"id":2558,"date":"2025-12-10T12:19:44","date_gmt":"2025-12-10T11:19:44","guid":{"rendered":"https:\/\/latrencadora.com\/bote-crema-pistacho-cacao-150-g\/"},"modified":"2026-04-13T11:12:48","modified_gmt":"2026-04-13T10:12:48","slug":"bote-crema-pistacho-cacao-150-g","status":"publish","type":"product","link":"https:\/\/latrencadora.com\/es\/bote-crema-pistacho-cacao-150-g\/","title":{"rendered":"Bote Crema Pistacho Cacao 150 g"},"content":{"rendered":"<p><strong>Compra Inteligente:<\/strong> Comprando estos productos est\u00e1s invirtiendo en tu tierra, su paisaje y su gente.\u00bbTodos los productos los hacemos \u00edntegramente en nuestro obrador de El Rourell (Alt Camp)\u00bb<\/p>\n","protected":false},"excerpt":{"rendered":"<p data-start=\"176\" data-end=\"329\">Crema de pistacho con un 30% de contenido de pasta de pistacho seleccionado y chocolate de alta calidad, elaborada para ofrecer un sabor intenso y equilibrado.<\/p>\n<p data-start=\"331\" data-end=\"536\">Un homenaje a los s\u00edmbolos de nuestra tierra, Pilar\u00edn Bay\u00e9s y el suyo y nuestro Patufet, que nos transmiten ternura, dulzura y un toque de atrevimiento. \u00a1S\u00ed, nuestro Patufet es peque\u00f1o, pero lleno de personalidad! <\/p>\n<p data-start=\"538\" data-end=\"649\">Con esta combinaci\u00f3n le ofrecemos un producto gourmet con alma, de alta calidad, pensado para todos los de casa.<\/p>\n<p><strong>Ingredientes:<\/strong><\/p>\n<p>Az\u00facar de ca\u00f1a, Pistacho 30%, leche desnatada en polvo, cacao desengrasado en polvo, aceite de coco, aceite de girasol alto oleico, lecitina de soja (ligante).<\/p>\n","protected":false},"featured_media":2881,"comment_status":"closed","ping_status":"closed","template":"","meta":{"inline_featured_image":false},"product_brand":[],"product_cat":[44,45],"product_tag":[],"alergens":[63],"class_list":{"0":"post-2558","1":"product","2":"type-product","3":"status-publish","4":"has-post-thumbnail","6":"product_cat-cremas","7":"product_cat-destacados","8":"alergens-sin-gluten","10":"first","11":"instock","12":"taxable","13":"shipping-taxable","14":"purchasable","15":"product-type-simple"},"_links":{"self":[{"href":"https:\/\/latrencadora.com\/es\/wp-json\/wp\/v2\/product\/2558","targetHints":{"allow":["GET"]}}],"collection":[{"href":"https:\/\/latrencadora.com\/es\/wp-json\/wp\/v2\/product"}],"about":[{"href":"https:\/\/latrencadora.com\/es\/wp-json\/wp\/v2\/types\/product"}],"replies":[{"embeddable":true,"href":"https:\/\/latrencadora.com\/es\/wp-json\/wp\/v2\/comments?post=2558"}],"version-history":[{"count":2,"href":"https:\/\/latrencadora.com\/es\/wp-json\/wp\/v2\/product\/2558\/revisions"}],"predecessor-version":[{"id":2702,"href":"https:\/\/latrencadora.com\/es\/wp-json\/wp\/v2\/product\/2558\/revisions\/2702"}],"wp:featuredmedia":[{"embeddable":true,"href":"https:\/\/latrencadora.com\/es\/wp-json\/wp\/v2\/media\/2881"}],"wp:attachment":[{"href":"https:\/\/latrencadora.com\/es\/wp-json\/wp\/v2\/media?parent=2558"}],"wp:term":[{"taxonomy":"product_brand","embeddable":true,"href":"https:\/\/latrencadora.com\/es\/wp-json\/wp\/v2\/product_brand?post=2558"},{"taxonomy":"product_cat","embeddable":true,"href":"https:\/\/latrencadora.com\/es\/wp-json\/wp\/v2\/product_cat?post=2558"},{"taxonomy":"product_tag","embeddable":true,"href":"https:\/\/latrencadora.com\/es\/wp-json\/wp\/v2\/product_tag?post=2558"},{"taxonomy":"alergens","embeddable":true,"href":"https:\/\/latrencadora.com\/es\/wp-json\/wp\/v2\/alergens?post=2558"}],"curies":[{"name":"wp","href":"https:\/\/api.w.org\/{rel}","templated":true}]}}